{"id":701,"date":"2024-07-01T12:02:42","date_gmt":"2024-07-01T12:02:42","guid":{"rendered":"https:\/\/holmes.cnsuw.pl\/?page_id=701"},"modified":"2025-03-01T19:29:19","modified_gmt":"2025-03-01T19:29:19","slug":"oferta-laboratorium-chemii-sadowej","status":"publish","type":"page","link":"https:\/\/cns.uw.edu.pl\/index.php\/biuro-ekspertyz\/laboratorium-chemii-sadowej\/oferta-laboratorium-chemii-sadowej\/","title":{"rendered":"Oferta Laboratorium Chemii S\u0105dowej"},"content":{"rendered":"\t\t<div data-elementor-type=\"wp-page\" data-elementor-id=\"701\" class=\"elementor elementor-701\" data-elementor-post-type=\"page\">\n\t\t\t\t<div class=\"elementor-element elementor-element-2ad96d9 e-flex e-con-boxed e-con e-parent\" data-id=\"2ad96d9\" data-element_type=\"container\">\n\t\t\t\t\t<div class=\"e-con-inner\">\n\t\t\t\t<div class=\"elementor-element elementor-element-a027952 elementor-widget elementor-widget-text-editor\" data-id=\"a027952\" data-element_type=\"widget\" data-widget_type=\"text-editor.default\">\n\t\t\t\t<div class=\"elementor-widget-container\">\n\t\t\t\t\t\t\t\t\t<h2><strong><span style=\"color: #333333;\">Laboratorium Chemii S\u0105dowej CNS UW<\/span><\/strong><\/h2>\t\t\t\t\t\t\t\t<\/div>\n\t\t\t\t<\/div>\n\t\t\t\t<div class=\"elementor-element elementor-element-09a4524 elementor-widget-divider--view-line elementor-widget elementor-widget-divider\" data-id=\"09a4524\" data-element_type=\"widget\" data-widget_type=\"divider.default\">\n\t\t\t\t<div class=\"elementor-widget-container\">\n\t\t\t\t\t\t\t<div class=\"elementor-divider\">\n\t\t\t<span class=\"elementor-divider-separator\">\n\t\t\t\t\t\t<\/span>\n\t\t<\/div>\n\t\t\t\t\t\t<\/div>\n\t\t\t\t<\/div>\n\t\t\t\t\t<\/div>\n\t\t\t\t<\/div>\n\t\t<div class=\"elementor-element elementor-element-ff41312 e-grid e-con-boxed e-con e-parent\" data-id=\"ff41312\" data-element_type=\"container\">\n\t\t\t\t\t<div class=\"e-con-inner\">\n\t\t\t\t<div class=\"elementor-element elementor-element-a8a08fb elementor-widget elementor-widget-text-editor\" data-id=\"a8a08fb\" data-element_type=\"widget\" data-widget_type=\"text-editor.default\">\n\t\t\t\t<div class=\"elementor-widget-container\">\n\t\t\t\t\t\t\t\t\t<h2><strong>Kontakt, konsultacje i wycena us\u0142ug:<\/strong><\/h2><h3><span style=\"color: #333333;\">\u017bwirki i Wigury 101, 02-089 Warszawa<\/span><br \/><span style=\"color: #333333;\"><strong>tel. 22 55 26 708, 22 55 26 789<\/strong><\/span><\/h3><h3><span style=\"color: #333333;\"><strong>tel. kom. 696 971 069, 502 646 585<\/strong><\/span><br \/><strong><span style=\"color: #333333;\">email<\/span>:\u00a0<span style=\"color: #3366ff;\">chemia.sadowa@uw.edu.pl<\/span><\/strong><\/h3><p>\u00a0<\/p>\t\t\t\t\t\t\t\t<\/div>\n\t\t\t\t<\/div>\n\t\t\t\t<div class=\"elementor-element elementor-element-c11fb5a elementor-widget elementor-widget-image\" data-id=\"c11fb5a\" data-element_type=\"widget\" data-widget_type=\"image.default\">\n\t\t\t\t<div class=\"elementor-widget-container\">\n\t\t\t\t\t\t\t\t\t\t\t\t\t\t\t<img fetchpriority=\"high\" decoding=\"async\" width=\"700\" height=\"343\" src=\"https:\/\/cns.uw.edu.pl\/wp-content\/uploads\/2025\/02\/13-1.jpg\" class=\"attachment-large size-large wp-image-2344\" alt=\"\" srcset=\"https:\/\/cns.uw.edu.pl\/wp-content\/uploads\/2025\/02\/13-1.jpg 700w, https:\/\/cns.uw.edu.pl\/wp-content\/uploads\/2025\/02\/13-1-300x147.jpg 300w\" sizes=\"(max-width: 700px) 100vw, 700px\" \/>\t\t\t\t\t\t\t\t\t\t\t\t\t\t\t<\/div>\n\t\t\t\t<\/div>\n\t\t\t\t\t<\/div>\n\t\t\t\t<\/div>\n\t\t<div class=\"elementor-element elementor-element-8726fe2 e-flex e-con-boxed e-con e-parent\" data-id=\"8726fe2\" data-element_type=\"container\">\n\t\t\t\t\t<div class=\"e-con-inner\">\n\t\t\t\t<div class=\"elementor-element elementor-element-cac1ccd elementor-widget-divider--view-line elementor-widget elementor-widget-divider\" data-id=\"cac1ccd\" data-element_type=\"widget\" data-widget_type=\"divider.default\">\n\t\t\t\t<div class=\"elementor-widget-container\">\n\t\t\t\t\t\t\t<div class=\"elementor-divider\">\n\t\t\t<span class=\"elementor-divider-separator\">\n\t\t\t\t\t\t<\/span>\n\t\t<\/div>\n\t\t\t\t\t\t<\/div>\n\t\t\t\t<\/div>\n\t\t\t\t\t<\/div>\n\t\t\t\t<\/div>\n\t\t<div class=\"elementor-element elementor-element-3631724 e-flex e-con-boxed e-con e-parent\" data-id=\"3631724\" data-element_type=\"container\">\n\t\t\t\t\t<div class=\"e-con-inner\">\n\t\t\t\t<div class=\"elementor-element elementor-element-0a6c518 elementor-widget elementor-widget-text-editor\" data-id=\"0a6c518\" data-element_type=\"widget\" data-widget_type=\"text-editor.default\">\n\t\t\t\t<div class=\"elementor-widget-container\">\n\t\t\t\t\t\t\t\t\t<h3><span style=\"color: #333333;\"><strong>Zakres opiniowania<\/strong><\/span><\/h3><p><span style=\"color: #333333;\"><img decoding=\"async\" class=\" wp-image-792 alignleft\" src=\"https:\/\/cns.uw.edu.pl\/wp-content\/uploads\/2024\/07\/PCA.jpg\" alt=\"\" width=\"68\" height=\"108\" \/>Laboratorium Chemii S\u0105dowej jest akredytowane przez Polskie Centrum Akredytacji (nr certyfikatu: <a href=\"https:\/\/cnbch.uw.edu.pl\/wp-content\/uploads\/2024\/01\/Zakres-Akredytacji-AB-1525-13.pdf\"><strong>AB1525<\/strong><\/a>), spe\u0142nia wymagania systemowe oraz techniczne normy <strong>PN-EN ISO\/IEC 17025:2018-02<\/strong> \u201cOg\u00f3lne wymagania dotycz\u0105ce kompetencji laboratori\u00f3w badawczych i wzorcuj\u0105cych\u201d.\u00a0 Specjalizujemy si\u0119 w precyzyjnych analizach chemicznych i badaniach identyfikacyjnych substancji narkotycznych &#8211; w r\u00f3\u017cnych kontekstach prawnych, medycznych i gospodarczych. Oferujemy ekspertyzy i opinie kryminalistyczne oraz wsparcie organ\u00f3w \u015bcigania i innych podmiot\u00f3w w nast\u0119puj\u0105cym zakresie:\u00a0\u00a0<\/span><\/p><p><span style=\"color: #333333;\"><strong>Badania medycznej marihuany &#8211;<\/strong>Wzrost zainteresowania medyczn\u0105 marihuan\u0105 w Polsce wynika z udokumentowanej skuteczno\u015bci w wielu wskazaniach terapeutycznych i z wprowadzonych regulacji pozwalaj\u0105cych na jej legalne stosowanie w leczeniu. Jednocze\u015bnie odr\u00f3\u017cnienie medycznej marihuany od nielegalnej marihuany (narkotyku) jest bardzo trudne lub niemo\u017cliwe bez przeprowadzenia stosownych bada\u0144. Laboratorium Chemii S\u0105dowej oferuje w tym kontek\u015bcie:<\/span><\/p><ul><li style=\"list-style-type: none;\"><ul><li><span style=\"font-size: 16px; color: #333333;\"><strong>Badania suszu ro\u015blinnego<\/strong>\u00a0marihuany w celu potwierdzenia lub wykluczenia, \u017ce jest to surowiec farmaceutyczny wykorzystywany do produkcji medycznej marihuany.<\/span><\/li><li><span style=\"color: #333333;\"><strong>Ocena zgodno\u015bci wynik\u00f3w bada\u0144 z receptami<\/strong> pacjent\u00f3w oraz identyfikacja mieszanin medycznej marihuany z konopiami niemedycznymi.<\/span><\/li><li><span style=\"color: #333333;\"><strong>Identyfikacja kannabinoid\u00f3w &#8211; <\/strong>badanie zawarto\u015bci THC, CBD oraz innych substancji aktywnych w suszu, ro\u015blinach i produktach konopnych, w tym \u017cywno\u015bci i napojach.<\/span><\/li><li><span style=\"color: #333333;\"><strong>Badania i certyfikacja produkt\u00f3w konopnych<\/strong> oraz\u00a0badania materia\u0142u z przemys\u0142owego przetw\u00f3rstwa konopi \u00a0na r\u00f3z\u0307nych etapach produkcyjnych.<\/span><\/li><li><span style=\"color: #333333;\"><strong>Badania suplement\u00f3w diety<\/strong> &#8211; analiza obecno\u015bci THC (delta-9-tetrahydrokannabinolu) i CBD (kannabidiolu) w suplementach diety i produktach spo\u017cywczych.<\/span><\/li><li><span style=\"color: #333333;\"><strong>Badania upraw<\/strong> &#8211; analiza ro\u015blin na potrzeby legalnych upraw i produkcji farmaceutycznej.<\/span><\/li><li><span style=\"color: #333333;\"><strong>Konsultacje eksperckie\u00a0<\/strong>&#8211; m.in. w zakresie mo\u017cliwo\u015bci prowadzenia okre\u015blonych rodzaj\u00f3w analiz, konsultacje pyta\u0144 kierowanych do bieg\u0142ych itp.<\/span><\/li><\/ul><\/li><\/ul><p><span style=\"color: #333333;\"><strong>Inne analizy i opiniowanie zakresu chemii s\u0105dowej &#8211; <\/strong>Laboratorium Chemii S\u0105dowej specjalizuje si\u0119 w identyfikacji i analizie substancji kontrolowanych, w szczeg\u00f3lno\u015bci na potrzeby organ\u00f3w \u015bcigania i wymiaru sprawiedliwo\u015bci.<\/span><\/p><ul><li style=\"list-style-type: none;\"><ul><li><span style=\"color: #333333;\"><strong style=\"font-size: 16px;\" data-start=\"2336\" data-end=\"2387\">Badania narkotyk\u00f3w i substancji psychoaktywnych<\/strong><span style=\"font-size: 16px;\"> \u2013 identyfikacja, analiza ilo\u015bciowa i jako\u015bciowa.<\/span><\/span><\/li><li data-start=\"2333\" data-end=\"2475\"><span style=\"color: #333333;\"><strong data-start=\"2480\" data-end=\"2538\">Badania laboratoryjnei analizy chemiczne o wysokim stopniu skomplikowania<\/strong><\/span><\/li><li data-start=\"2333\" data-end=\"2475\"><span style=\"color: #333333;\"><strong data-start=\"2625\" data-end=\"2659\">Por\u00f3wnania mi\u0119dzylaboratoryjne<\/strong> \u2013 opracowywanie i wdra\u017canie program\u00f3w kontrolnych dla laboratori\u00f3w kryminalistycznych.<\/span><\/li><li data-start=\"2333\" data-end=\"2475\"><span style=\"color: #333333;\"><strong data-start=\"2753\" data-end=\"2790\">Tworzenie wytycznych i standard\u00f3w<\/strong> \u2013 wsp\u00f3\u0142praca z instytucjami pa\u0144stwowymi i mi\u0119dzynarodowymi w zakresie norm i regulacji dla bada\u0144 chemicznych.<\/span><\/li><\/ul><\/li><\/ul><p data-start=\"2909\" data-end=\"2962\"><span style=\"color: #333333;\"><strong data-start=\"2912\" data-end=\"2960\">Wsp\u00f3\u0142praca z przemys\u0142em i sektorem prywatnym\u00a0<\/strong>&#8211; dzi\u0119ki do\u015bwiadczeniu w prowadzeniu bada\u0144 i odpowiedniej certyfikacji, mo\u017cemy \u015bwiadczy\u0107 tak\u017ce us\u0142ugi na rzecz podmiot\u00f3w gospodarczych. Oferujemy w szczeg\u00f3lno\u015bci:<\/span><\/p><ul><li style=\"list-style-type: none;\"><ul><li data-start=\"2964\" data-end=\"3127\"><span style=\"color: #333333;\"><strong data-start=\"2967\" data-end=\"3013\">Badania i certyfikacja produkt\u00f3w konopnych<\/strong> \u2013 kompleksowa weryfikacja jako\u015bci, identyfikacja sk\u0142adnik\u00f3w aktywnych oraz ocena zgodno\u015bci z wymogami prawnymi.<\/span><\/li><li data-start=\"3129\" data-end=\"3273\"><span style=\"color: #333333;\"><strong data-start=\"3132\" data-end=\"3199\">Identyfikacja kannabinoid\u00f3w w produktach spo\u017cywczych i napojach<\/strong> \u2013 w tym w piwie, czekoladzie i innych produktach zawieraj\u0105cych konopie.<\/span><\/li><li data-start=\"3275\" data-end=\"3391\"><span style=\"color: #333333;\"><strong data-start=\"3278\" data-end=\"3323\">Analiza surowc\u00f3w i przetw\u00f3rstwa konopnego<\/strong> \u2013 badania materia\u0142\u00f3w wykorzystywanych w r\u00f3\u017cnych fazach produkcji.<\/span><\/li><li data-start=\"3393\" data-end=\"3518\"><span style=\"color: #333333;\"><strong data-start=\"3396\" data-end=\"3430\">Audyt jako\u015bci i analiza ryzyka<\/strong> \u2013 pomoc w przygotowaniu do certyfikacji ISO oraz wdra\u017caniu system\u00f3w kontroli jako\u015bci.<\/span><\/li><\/ul><\/li><\/ul>\t\t\t\t\t\t\t\t<\/div>\n\t\t\t\t<\/div>\n\t\t\t\t\t<\/div>\n\t\t\t\t<\/div>\n\t\t<div class=\"elementor-element elementor-element-f4e2e87 e-flex e-con-boxed e-con e-parent\" data-id=\"f4e2e87\" data-element_type=\"container\">\n\t\t\t\t\t<div class=\"e-con-inner\">\n\t\t\t\t<div class=\"elementor-element elementor-element-7a130da elementor-widget elementor-widget-text-editor\" data-id=\"7a130da\" data-element_type=\"widget\" data-widget_type=\"text-editor.default\">\n\t\t\t\t<div class=\"elementor-widget-container\">\n\t\t\t\t\t\t\t\t\t<p><span style=\"color: #333333;\"><strong>Pozosta\u0142a dzia\u0142alno\u015b\u0107<\/strong><\/span><\/p><p data-start=\"2909\" data-end=\"2962\"><span style=\"color: #333333;\">Laboratorium Chemii S\u0105dowej mo\u017ce r\u00f3wnie\u017c prowadzi\u0107 <strong>specjalistyczne, zamkni\u0119te szkolenia i warsztaty<\/strong> (stacjonarne* lub online) dostosowane do potrzeb organ\u00f3w \u015bcigania, wymiaru sprawiedliwo\u015bci, instytucji administracji publicznej oraz sektora prywatnego. Zakres szkole\u0144 obejmuje m.in. chemi\u0119 s\u0105dow\u0105, analiz\u0119 substancji psychoaktywnych oraz metody bada\u0144 laboratoryjnych. Prowadzimy r\u00f3wnie\u017c warsztaty dla firm farmaceutycznych i podmiot\u00f3w zajmuj\u0105cych si\u0119 produkcj\u0105 konopi, koncentruj\u0105c si\u0119 na analizie surowc\u00f3w, kontroli jako\u015bci i zgodno\u015bci z przepisami. Oferujemy doradztwo dla instytucji pa\u0144stwowych w obszarze chemii s\u0105dowej i regulacji dotycz\u0105cych substancji kontrolowanych, a tak\u017ce konsultacje dla firm w zakresie legalizacji, certyfikacji i bada\u0144 laboratoryjnych ich produkt\u00f3w. W celu om\u00f3wienia szczeg\u00f3\u0142\u00f3w i dostosowania szkolenia do indywidualnych potrzeb \u2013 <strong>zapraszamy do kontaktu<\/strong>.<\/span><\/p><p>*Ewentualna dzia\u0142alno\u015b\u0107 szkoleniowa prowadzona jest odr\u0119bnie od dzia\u0142alno\u015bci opiniodawczej i poza zamkni\u0119tym terenem laboratorium &#8211; bez ryzyka kontaminacji materia\u0142u.<\/p>\t\t\t\t\t\t\t\t<\/div>\n\t\t\t\t<\/div>\n\t\t\t\t\t<\/div>\n\t\t\t\t<\/div>\n\t\t\t\t<\/div>\n\t\t","protected":false},"excerpt":{"rendered":"<p>Laboratorium Chemii S\u0105dowej CNS UW Kontakt, konsultacje i wycena us\u0142ug: \u017bwirki i Wigury 101, 02-089 Warszawatel. 22 55 26 708, [&hellip;]<\/p>\n","protected":false},"author":1,"featured_media":0,"parent":324,"menu_order":0,"comment_status":"closed","ping_status":"closed","template":"","meta":{"site-sidebar-layout":"no-sidebar","site-content-layout":"","ast-site-content-layout":"full-width-container","site-content-style":"default","site-sidebar-style":"default","ast-global-header-display":"","ast-banner-title-visibility":"","ast-main-header-display":"","ast-hfb-above-header-display":"","ast-hfb-below-header-display":"","ast-hfb-mobile-header-display":"","site-post-title":"disabled","ast-breadcrumbs-content":"","ast-featured-img":"disabled","footer-sml-layout":"","theme-transparent-header-meta":"","adv-header-id-meta":"","stick-header-meta":"","header-above-stick-meta":"","header-main-stick-meta":"","header-below-stick-meta":"","astra-migrate-meta-layouts":"default","ast-page-background-enabled":"default","ast-page-background-meta":{"desktop":{"background-color":"var(--ast-global-color-4)","background-image":"","background-repeat":"repeat","background-position":"center center","background-size":"auto","background-attachment":"scroll","background-type":"","background-media":"","overlay-type":"","overlay-color":"","overlay-opacity":"","overlay-gradient":""},"tablet":{"background-color":"","background-image":"","background-repeat":"repeat","background-position":"center center","background-size":"auto","background-attachment":"scroll","background-type":"","background-media":"","overlay-type":"","overlay-color":"","overlay-opacity":"","overlay-gradient":""},"mobile":{"background-color":"","background-image":"","background-repeat":"repeat","background-position":"center center","background-size":"auto","background-attachment":"scroll","background-type":"","background-media":"","overlay-type":"","overlay-color":"","overlay-opacity":"","overlay-gradient":""}},"ast-content-background-meta":{"desktop":{"background-color":"var(--ast-global-color-5)","background-image":"","background-repeat":"repeat","background-position":"center center","background-size":"auto","background-attachment":"scroll","background-type":"","background-media":"","overlay-type":"","overlay-color":"","overlay-opacity":"","overlay-gradient":""},"tablet":{"background-color":"var(--ast-global-color-5)","background-image":"","background-repeat":"repeat","background-position":"center center","background-size":"auto","background-attachment":"scroll","background-type":"","background-media":"","overlay-type":"","overlay-color":"","overlay-opacity":"","overlay-gradient":""},"mobile":{"background-color":"var(--ast-global-color-5)","background-image":"","background-repeat":"repeat","background-position":"center center","background-size":"auto","background-attachment":"scroll","background-type":"","background-media":"","overlay-type":"","overlay-color":"","overlay-opacity":"","overlay-gradient":""}},"footnotes":""},"class_list":["post-701","page","type-page","status-publish","hentry"],"_links":{"self":[{"href":"https:\/\/cns.uw.edu.pl\/index.php\/wp-json\/wp\/v2\/pages\/701","targetHints":{"allow":["GET"]}}],"collection":[{"href":"https:\/\/cns.uw.edu.pl\/index.php\/wp-json\/wp\/v2\/pages"}],"about":[{"href":"https:\/\/cns.uw.edu.pl\/index.php\/wp-json\/wp\/v2\/types\/page"}],"author":[{"embeddable":true,"href":"https:\/\/cns.uw.edu.pl\/index.php\/wp-json\/wp\/v2\/users\/1"}],"replies":[{"embeddable":true,"href":"https:\/\/cns.uw.edu.pl\/index.php\/wp-json\/wp\/v2\/comments?post=701"}],"version-history":[{"count":28,"href":"https:\/\/cns.uw.edu.pl\/index.php\/wp-json\/wp\/v2\/pages\/701\/revisions"}],"predecessor-version":[{"id":2417,"href":"https:\/\/cns.uw.edu.pl\/index.php\/wp-json\/wp\/v2\/pages\/701\/revisions\/2417"}],"up":[{"embeddable":true,"href":"https:\/\/cns.uw.edu.pl\/index.php\/wp-json\/wp\/v2\/pages\/324"}],"wp:attachment":[{"href":"https:\/\/cns.uw.edu.pl\/index.php\/wp-json\/wp\/v2\/media?parent=701"}],"curies":[{"name":"wp","href":"https:\/\/api.w.org\/{rel}","templated":true}]}}