{"id":351,"date":"2024-06-28T09:35:40","date_gmt":"2024-06-28T09:35:40","guid":{"rendered":"https:\/\/holmes.cnsuw.pl\/?page_id=351"},"modified":"2025-05-17T14:52:35","modified_gmt":"2025-05-17T14:52:35","slug":"o-nas","status":"publish","type":"page","link":"https:\/\/cns.uw.edu.pl\/index.php\/home\/o-nas\/","title":{"rendered":"O nas"},"content":{"rendered":"\t\t<div data-elementor-type=\"wp-page\" data-elementor-id=\"351\" class=\"elementor elementor-351\" data-elementor-post-type=\"page\">\n\t\t\t\t<div class=\"elementor-element elementor-element-aba3169 e-flex e-con-boxed e-con e-parent\" data-id=\"aba3169\" data-element_type=\"container\">\n\t\t\t\t\t<div class=\"e-con-inner\">\n\t\t\t\t<div class=\"elementor-element elementor-element-01458a0 elementor-widget elementor-widget-text-editor\" data-id=\"01458a0\" data-element_type=\"widget\" data-widget_type=\"text-editor.default\">\n\t\t\t\t<div class=\"elementor-widget-container\">\n\t\t\t\t\t\t\t\t\t<p><span style=\"color: #333333;\"><b>Centrum Nauk S\u0105dowych<\/b>\u00a0Uniwersytetu Warszawskiego (CNS UW) jest mi\u0119dzywydzia\u0142ow\u0105 jednostk\u0105 og\u00f3lnouniwersyteck\u0105 istniej\u0105c\u0105 od 2007 r. i wsp\u00f3\u0142tworzon\u0105\u00a0<span style=\"font-style: inherit; font-weight: inherit; font-family: var( --e-global-typography-text-font-family ), Sans-serif; text-align: var(--text-align); background-color: var(--ast-global-color-5);\">przez pi\u0119\u0107 wydzia\u0142\u00f3w Uniwersyteckich:\u00a0Prawa i Administracji,\u00a0\u00a0Chemii,\u00a0\u00a0Biologii,\u00a0Fizyki i\u00a0Psychologii. Wymienione wydzia\u0142y, wsp\u00f3lnie tworz\u0105ce CNS UW, reprezentuj\u0105 r\u00f3\u017cne dziedziny i dyscypliny nauk istotnych z punktu widzenia\u00a0<\/span><b style=\"font-style: inherit; font-family: var( --e-global-typography-text-font-family ), Sans-serif; text-align: var(--text-align); background-color: var(--ast-global-color-5);\">kryminalistyki: <\/b><span style=\"font-style: inherit; font-family: var( --e-global-typography-text-font-family ), Sans-serif; text-align: var(--text-align); background-color: var(--ast-global-color-5);\">interdyscyplinarnej<\/span><span style=\"font-style: inherit; font-weight: inherit; font-family: var( --e-global-typography-text-font-family ), Sans-serif; text-align: var(--text-align); background-color: var(--ast-global-color-5);\"> nauki o sposobach technicznych i o metodach taktycznych rozpoznawania, zapobiegania, wykrywania oraz udowadniania przest\u0119pstw i identyfikacji ich sprawc\u00f3w.\u00a0<\/span><span style=\"font-family: Arimo, sans-serif; font-size: 12pt; font-style: inherit; font-weight: inherit; text-align: justify;\">Rozumiemy kryminalistyk\u0119 szeroko \u2013 nie tylko jako dyscyplin\u0119 skupion\u0105 na technicznym zabezpieczaniu i analizie \u015blad\u00f3w, technikach i analizach laboratoryjnych, ale tak\u017ce jako wiedz\u0119 o mechanizmach przest\u0119pczych, narz\u0119dziach wykrywczych i prewencyjnych, sposobach i taktykach prowadzenia czynno\u015bci dowodowych oraz oceny dowod\u00f3w.<\/span><\/span><\/p><p><span style=\"color: #333333;\">Oferta edukacyjna CNS UW obejmuje studia magisterskie (II stopnia) na trzech kierunkach kryminalistycznych, studia podyplomowe oraz inne kursy i szkolenia akademickie. Dzi\u0119ki profesjonalnie wyposa\u017conym laboratoriom i wykfalifikowanej kadrze, wykonujemy te\u017c opinie i ekspertyzy kryminalistyczne &#8211; w szczeg\u00f3lno\u015bci na zlecenie organ\u00f3w post\u0119powania karnego.\u00a0<\/span><\/p>\t\t\t\t\t\t\t\t<\/div>\n\t\t\t\t<\/div>\n\t\t\t\t\t<\/div>\n\t\t\t\t<\/div>\n\t\t<div class=\"elementor-element elementor-element-e3330c1 e-flex e-con-boxed e-con e-parent\" data-id=\"e3330c1\" data-element_type=\"container\">\n\t\t\t\t\t<div class=\"e-con-inner\">\n\t\t\t\t<div class=\"elementor-element elementor-element-27fa0ca elementor-widget elementor-widget-toggle\" data-id=\"27fa0ca\" data-element_type=\"widget\" data-widget_type=\"toggle.default\">\n\t\t\t\t<div class=\"elementor-widget-container\">\n\t\t\t\t\t\t\t<div class=\"elementor-toggle\">\n\t\t\t\t\t\t\t<div class=\"elementor-toggle-item\">\n\t\t\t\t\t<div id=\"elementor-tab-title-4191\" class=\"elementor-tab-title\" data-tab=\"1\" role=\"button\" aria-controls=\"elementor-tab-content-4191\" aria-expanded=\"false\">\n\t\t\t\t\t\t\t\t\t\t\t\t<span class=\"elementor-toggle-icon elementor-toggle-icon-left\" aria-hidden=\"true\">\n\t\t\t\t\t\t\t\t\t\t\t\t\t\t\t<span class=\"elementor-toggle-icon-closed\"><svg class=\"e-font-icon-svg e-fas-caret-right\" viewBox=\"0 0 192 512\" xmlns=\"http:\/\/www.w3.org\/2000\/svg\"><path d=\"M0 384.662V127.338c0-17.818 21.543-26.741 34.142-14.142l128.662 128.662c7.81 7.81 7.81 20.474 0 28.284L34.142 398.804C21.543 411.404 0 402.48 0 384.662z\"><\/path><\/svg><\/span>\n\t\t\t\t\t\t\t\t<span class=\"elementor-toggle-icon-opened\"><svg class=\"elementor-toggle-icon-opened e-font-icon-svg e-fas-caret-up\" viewBox=\"0 0 320 512\" xmlns=\"http:\/\/www.w3.org\/2000\/svg\"><path d=\"M288.662 352H31.338c-17.818 0-26.741-21.543-14.142-34.142l128.662-128.662c7.81-7.81 20.474-7.81 28.284 0l128.662 128.662c12.6 12.599 3.676 34.142-14.142 34.142z\"><\/path><\/svg><\/span>\n\t\t\t\t\t\t\t\t\t\t\t\t\t<\/span>\n\t\t\t\t\t\t\t\t\t\t\t\t<a class=\"elementor-toggle-title\" tabindex=\"0\">Studia Magisterskie (II stopnia)<\/a>\n\t\t\t\t\t<\/div>\n\n\t\t\t\t\t<div id=\"elementor-tab-content-4191\" class=\"elementor-tab-content elementor-clearfix\" data-tab=\"1\" role=\"region\" aria-labelledby=\"elementor-tab-title-4191\"><p><span style=\"color: #333333;\">Prowadzimy stacjonarne studia magisterskie II stopnia (cztery semestry) na trzech kierunkach obejmuj\u0105cych Kryminalistyk\u0119 i Nauki S\u0105dowe w zakresie <\/span><span style=\"color: #333333;\"><a href=\"https:\/\/cns.uw.edu.pl\/index.php\/studia-magisterskie\/kryminalistyka-ogolna\/\"><strong>Kryminalistyki Og\u00f3lnej<\/strong><\/a>, w zakresie <\/span><span style=\"color: #333333;\"><a href=\"https:\/\/cns.uw.edu.pl\/index.php\/studia-magisterskie\/biologia-sadowa\/\"><strong>Biologii i Genetyki S\u0105dowej<\/strong> <\/a>oraz w zakresie <\/span><span style=\"color: #333333;\"><a href=\"https:\/\/cns.uw.edu.pl\/index.php\/studia-magisterskie\/chemia-sadowa\/\"><strong>Chemii S\u0105dowej<\/strong><\/a>. Ka\u017cdy kierunek posiada wyodr\u0119biony program, adekwatny do wskazanej specjalizajcji, oraz wsp\u00f3lny rdze\u0144 obejmuj\u0105cy wiedz\u0119 z zakresu taktyk i technik kryminalistycznych. Do aplikowania na studia w CNS UW zapraszamy absolwent\u00f3w wszystkich kierunk\u00f3w studi\u00f3w z r\u00f3\u017cnych dziedzin i dyscyplin.<\/span><\/p><\/div>\n\t\t\t\t<\/div>\n\t\t\t\t\t\t\t<div class=\"elementor-toggle-item\">\n\t\t\t\t\t<div id=\"elementor-tab-title-4192\" class=\"elementor-tab-title\" data-tab=\"2\" role=\"button\" aria-controls=\"elementor-tab-content-4192\" aria-expanded=\"false\">\n\t\t\t\t\t\t\t\t\t\t\t\t<span class=\"elementor-toggle-icon elementor-toggle-icon-left\" aria-hidden=\"true\">\n\t\t\t\t\t\t\t\t\t\t\t\t\t\t\t<span class=\"elementor-toggle-icon-closed\"><svg class=\"e-font-icon-svg e-fas-caret-right\" viewBox=\"0 0 192 512\" xmlns=\"http:\/\/www.w3.org\/2000\/svg\"><path d=\"M0 384.662V127.338c0-17.818 21.543-26.741 34.142-14.142l128.662 128.662c7.81 7.81 7.81 20.474 0 28.284L34.142 398.804C21.543 411.404 0 402.48 0 384.662z\"><\/path><\/svg><\/span>\n\t\t\t\t\t\t\t\t<span class=\"elementor-toggle-icon-opened\"><svg class=\"elementor-toggle-icon-opened e-font-icon-svg e-fas-caret-up\" viewBox=\"0 0 320 512\" xmlns=\"http:\/\/www.w3.org\/2000\/svg\"><path d=\"M288.662 352H31.338c-17.818 0-26.741-21.543-14.142-34.142l128.662-128.662c7.81-7.81 20.474-7.81 28.284 0l128.662 128.662c12.6 12.599 3.676 34.142-14.142 34.142z\"><\/path><\/svg><\/span>\n\t\t\t\t\t\t\t\t\t\t\t\t\t<\/span>\n\t\t\t\t\t\t\t\t\t\t\t\t<a class=\"elementor-toggle-title\" tabindex=\"0\">Studia Podyplomowe<\/a>\n\t\t\t\t\t<\/div>\n\n\t\t\t\t\t<div id=\"elementor-tab-content-4192\" class=\"elementor-tab-content elementor-clearfix\" data-tab=\"2\" role=\"region\" aria-labelledby=\"elementor-tab-title-4192\"><p><span style=\"color: #333333;\">Centrum Nauk S\u0105dowych Uniwersytetu Warszawskiego\u00a0prowadz<\/span>i\u00a0<strong><a href=\"https:\/\/cns.uw.edu.pl\/index.php\/studia-podyplomowe\/prawo-dowodowe-i-kryminalistyka\/\">Studia Podyplomowe z Kryminalistyki i Prawa Dowodowego<\/a> <\/strong><span style=\"color: #333333;\">od pocz\u0105tku swojego istnienia. Wielodyscyplinarny program umo\u017cliwia zdobycie kwalifikacji i dyplomu na poziomie 6 Polskiej Ramy Kwalifikacji. Studia prowadzone s\u0105 przez dwa semestry i dostarczaj\u0105 zar\u00f3wno wiedzy jak i umiejetno\u015bci, \u0142\u0105cz\u0105c uniwersyteckie fundamenty teoretyczne z praktyk\u0105.<\/span><\/p><\/div>\n\t\t\t\t<\/div>\n\t\t\t\t\t\t\t<div class=\"elementor-toggle-item\">\n\t\t\t\t\t<div id=\"elementor-tab-title-4193\" class=\"elementor-tab-title\" data-tab=\"3\" role=\"button\" aria-controls=\"elementor-tab-content-4193\" aria-expanded=\"false\">\n\t\t\t\t\t\t\t\t\t\t\t\t<span class=\"elementor-toggle-icon elementor-toggle-icon-left\" aria-hidden=\"true\">\n\t\t\t\t\t\t\t\t\t\t\t\t\t\t\t<span class=\"elementor-toggle-icon-closed\"><svg class=\"e-font-icon-svg e-fas-caret-right\" viewBox=\"0 0 192 512\" xmlns=\"http:\/\/www.w3.org\/2000\/svg\"><path d=\"M0 384.662V127.338c0-17.818 21.543-26.741 34.142-14.142l128.662 128.662c7.81 7.81 7.81 20.474 0 28.284L34.142 398.804C21.543 411.404 0 402.48 0 384.662z\"><\/path><\/svg><\/span>\n\t\t\t\t\t\t\t\t<span class=\"elementor-toggle-icon-opened\"><svg class=\"elementor-toggle-icon-opened e-font-icon-svg e-fas-caret-up\" viewBox=\"0 0 320 512\" xmlns=\"http:\/\/www.w3.org\/2000\/svg\"><path d=\"M288.662 352H31.338c-17.818 0-26.741-21.543-14.142-34.142l128.662-128.662c7.81-7.81 20.474-7.81 28.284 0l128.662 128.662c12.6 12.599 3.676 34.142-14.142 34.142z\"><\/path><\/svg><\/span>\n\t\t\t\t\t\t\t\t\t\t\t\t\t<\/span>\n\t\t\t\t\t\t\t\t\t\t\t\t<a class=\"elementor-toggle-title\" tabindex=\"0\">Biuro Ekspertyz<\/a>\n\t\t\t\t\t<\/div>\n\n\t\t\t\t\t<div id=\"elementor-tab-content-4193\" class=\"elementor-tab-content elementor-clearfix\" data-tab=\"3\" role=\"region\" aria-labelledby=\"elementor-tab-title-4193\"><p><span style=\"color: #333333;\"><a href=\"https:\/\/cns.uw.edu.pl\/index.php\/biuro-ekspertyz\/\"><strong>Buro Ekspertyz CNS UW<\/strong><\/a> zosta\u0142o wyodr\u0119bnione do prowadzenia dzia\u0142alno\u015bci gospodarczej m.in. w zakresie przygotowywania specjalistycznych opinii, porad i ekspertyz zw\u0142aszcza na zlecenie s\u0105d\u00f3w, prokuratur i policji przez<a href=\"https:\/\/cns.uw.edu.pl\/index.php\/biuro-ekspertyz\/laboratorium-genetyki-sadowej\/\"><strong> Laboratorium Genetyki S\u0105dowej<\/strong><\/a> oraz <a href=\"https:\/\/cns.uw.edu.pl\/index.php\/biuro-ekspertyz\/laboratorium-chemii-sadowej\/\"><strong>Laboratorium Chemii S\u0105dowej<\/strong>.<\/a> Biuro Ekspertyz dysponuje nowoczesnym zapleczem sprz\u0119towym i laboratoriami funkcjonuj\u0105cymi w ramach r\u00f3\u017cnych wydzia\u0142\u00f3w Uniwersytetu Warszawskiego.<\/span><\/p><\/div>\n\t\t\t\t<\/div>\n\t\t\t\t\t\t\t\t<\/div>\n\t\t\t\t\t\t<\/div>\n\t\t\t\t<\/div>\n\t\t\t\t\t<\/div>\n\t\t\t\t<\/div>\n\t\t<div class=\"elementor-element elementor-element-45b6d6d e-grid e-con-boxed e-con e-parent\" data-id=\"45b6d6d\" data-element_type=\"container\">\n\t\t\t\t\t<div class=\"e-con-inner\">\n\t\t\t\t<div class=\"elementor-element elementor-element-e78aa0a elementor-widget elementor-widget-image\" data-id=\"e78aa0a\" data-element_type=\"widget\" data-widget_type=\"image.default\">\n\t\t\t\t<div class=\"elementor-widget-container\">\n\t\t\t\t\t\t\t\t\t\t\t\t\t\t\t<img fetchpriority=\"high\" decoding=\"async\" width=\"768\" height=\"768\" src=\"https:\/\/cns.uw.edu.pl\/wp-content\/uploads\/2024\/06\/Bez-nazwy-768x768.png\" class=\"attachment-medium_large size-medium_large wp-image-508\" alt=\"\" srcset=\"https:\/\/cns.uw.edu.pl\/wp-content\/uploads\/2024\/06\/Bez-nazwy-768x768.png 768w, https:\/\/cns.uw.edu.pl\/wp-content\/uploads\/2024\/06\/Bez-nazwy-300x300.png 300w, https:\/\/cns.uw.edu.pl\/wp-content\/uploads\/2024\/06\/Bez-nazwy-1024x1024.png 1024w, https:\/\/cns.uw.edu.pl\/wp-content\/uploads\/2024\/06\/Bez-nazwy-150x150.png 150w, https:\/\/cns.uw.edu.pl\/wp-content\/uploads\/2024\/06\/Bez-nazwy.png 1080w\" sizes=\"(max-width: 768px) 100vw, 768px\" \/>\t\t\t\t\t\t\t\t\t\t\t\t\t\t\t<\/div>\n\t\t\t\t<\/div>\n\t\t\t\t<div class=\"elementor-element elementor-element-1481bab elementor-widget elementor-widget-image\" data-id=\"1481bab\" data-element_type=\"widget\" data-widget_type=\"image.default\">\n\t\t\t\t<div class=\"elementor-widget-container\">\n\t\t\t\t\t\t\t\t\t\t\t\t\t\t\t<img decoding=\"async\" width=\"768\" height=\"768\" src=\"https:\/\/cns.uw.edu.pl\/wp-content\/uploads\/2025\/05\/Untitled-1-768x768.png\" class=\"attachment-medium_large size-medium_large wp-image-2601\" alt=\"\" srcset=\"https:\/\/cns.uw.edu.pl\/wp-content\/uploads\/2025\/05\/Untitled-1-768x768.png 768w, https:\/\/cns.uw.edu.pl\/wp-content\/uploads\/2025\/05\/Untitled-1-300x300.png 300w, https:\/\/cns.uw.edu.pl\/wp-content\/uploads\/2025\/05\/Untitled-1-1024x1024.png 1024w, https:\/\/cns.uw.edu.pl\/wp-content\/uploads\/2025\/05\/Untitled-1-150x150.png 150w, https:\/\/cns.uw.edu.pl\/wp-content\/uploads\/2025\/05\/elementor\/thumbs\/Untitled-1-r5v5f3lvpzv4m39hgod5ssz65nshzj1s85lo0c8iuo.png 600w, https:\/\/cns.uw.edu.pl\/wp-content\/uploads\/2025\/05\/Untitled-1.png 1080w\" sizes=\"(max-width: 768px) 100vw, 768px\" \/>\t\t\t\t\t\t\t\t\t\t\t\t\t\t\t<\/div>\n\t\t\t\t<\/div>\n\t\t\t\t<div class=\"elementor-element elementor-element-4299d96 elementor-widget elementor-widget-image\" data-id=\"4299d96\" data-element_type=\"widget\" data-widget_type=\"image.default\">\n\t\t\t\t<div class=\"elementor-widget-container\">\n\t\t\t\t\t\t\t\t\t\t\t\t\t\t\t<img decoding=\"async\" width=\"768\" height=\"768\" src=\"https:\/\/cns.uw.edu.pl\/wp-content\/uploads\/2025\/05\/Untitled-768x768.png\" class=\"attachment-medium_large size-medium_large wp-image-2602\" alt=\"\" srcset=\"https:\/\/cns.uw.edu.pl\/wp-content\/uploads\/2025\/05\/Untitled-768x768.png 768w, https:\/\/cns.uw.edu.pl\/wp-content\/uploads\/2025\/05\/Untitled-300x300.png 300w, https:\/\/cns.uw.edu.pl\/wp-content\/uploads\/2025\/05\/Untitled-1024x1024.png 1024w, https:\/\/cns.uw.edu.pl\/wp-content\/uploads\/2025\/05\/Untitled-150x150.png 150w, https:\/\/cns.uw.edu.pl\/wp-content\/uploads\/2025\/05\/elementor\/thumbs\/Untitled-r5v5ffts6ubut0rqhbnb77w5vo49rlealu2z8xqels.png 600w, https:\/\/cns.uw.edu.pl\/wp-content\/uploads\/2025\/05\/Untitled.png 1080w\" sizes=\"(max-width: 768px) 100vw, 768px\" \/>\t\t\t\t\t\t\t\t\t\t\t\t\t\t\t<\/div>\n\t\t\t\t<\/div>\n\t\t\t\t\t<\/div>\n\t\t\t\t<\/div>\n\t\t\t\t<\/div>\n\t\t","protected":false},"excerpt":{"rendered":"<p>Centrum Nauk S\u0105dowych\u00a0Uniwersytetu Warszawskiego (CNS UW) jest mi\u0119dzywydzia\u0142ow\u0105 jednostk\u0105 og\u00f3lnouniwersyteck\u0105 istniej\u0105c\u0105 od 2007 r. i wsp\u00f3\u0142tworzon\u0105\u00a0przez pi\u0119\u0107 wydzia\u0142\u00f3w Uniwersyteckich:\u00a0Prawa i [&hellip;]<\/p>\n","protected":false},"author":1,"featured_media":0,"parent":10,"menu_order":0,"comment_status":"closed","ping_status":"closed","template":"","meta":{"site-sidebar-layout":"default","site-content-layout":"","ast-site-content-layout":"","site-content-style":"default","site-sidebar-style":"default","ast-global-header-display":"","ast-banner-title-visibility":"","ast-main-header-display":"","ast-hfb-above-header-display":"","ast-hfb-below-header-display":"","ast-hfb-mobile-header-display":"","site-post-title":"","ast-breadcrumbs-content":"","ast-featured-img":"","footer-sml-layout":"","theme-transparent-header-meta":"","adv-header-id-meta":"","stick-header-meta":"","header-above-stick-meta":"","header-main-stick-meta":"","header-below-stick-meta":"","astra-migrate-meta-layouts":"default","ast-page-background-enabled":"default","ast-page-background-meta":{"desktop":{"background-color":"var(--ast-global-color-4)","background-image":"","background-repeat":"repeat","background-position":"center center","background-size":"auto","background-attachment":"scroll","background-type":"","background-media":"","overlay-type":"","overlay-color":"","overlay-opacity":"","overlay-gradient":""},"tablet":{"background-color":"","background-image":"","background-repeat":"repeat","background-position":"center center","background-size":"auto","background-attachment":"scroll","background-type":"","background-media":"","overlay-type":"","overlay-color":"","overlay-opacity":"","overlay-gradient":""},"mobile":{"background-color":"","background-image":"","background-repeat":"repeat","background-position":"center center","background-size":"auto","background-attachment":"scroll","background-type":"","background-media":"","overlay-type":"","overlay-color":"","overlay-opacity":"","overlay-gradient":""}},"ast-content-background-meta":{"desktop":{"background-color":"var(--ast-global-color-5)","background-image":"","background-repeat":"repeat","background-position":"center center","background-size":"auto","background-attachment":"scroll","background-type":"","background-media":"","overlay-type":"","overlay-color":"","overlay-opacity":"","overlay-gradient":""},"tablet":{"background-color":"var(--ast-global-color-5)","background-image":"","background-repeat":"repeat","background-position":"center center","background-size":"auto","background-attachment":"scroll","background-type":"","background-media":"","overlay-type":"","overlay-color":"","overlay-opacity":"","overlay-gradient":""},"mobile":{"background-color":"var(--ast-global-color-5)","background-image":"","background-repeat":"repeat","background-position":"center center","background-size":"auto","background-attachment":"scroll","background-type":"","background-media":"","overlay-type":"","overlay-color":"","overlay-opacity":"","overlay-gradient":""}},"footnotes":""},"class_list":["post-351","page","type-page","status-publish","hentry"],"_links":{"self":[{"href":"https:\/\/cns.uw.edu.pl\/index.php\/wp-json\/wp\/v2\/pages\/351","targetHints":{"allow":["GET"]}}],"collection":[{"href":"https:\/\/cns.uw.edu.pl\/index.php\/wp-json\/wp\/v2\/pages"}],"about":[{"href":"https:\/\/cns.uw.edu.pl\/index.php\/wp-json\/wp\/v2\/types\/page"}],"author":[{"embeddable":true,"href":"https:\/\/cns.uw.edu.pl\/index.php\/wp-json\/wp\/v2\/users\/1"}],"replies":[{"embeddable":true,"href":"https:\/\/cns.uw.edu.pl\/index.php\/wp-json\/wp\/v2\/comments?post=351"}],"version-history":[{"count":58,"href":"https:\/\/cns.uw.edu.pl\/index.php\/wp-json\/wp\/v2\/pages\/351\/revisions"}],"predecessor-version":[{"id":2639,"href":"https:\/\/cns.uw.edu.pl\/index.php\/wp-json\/wp\/v2\/pages\/351\/revisions\/2639"}],"up":[{"embeddable":true,"href":"https:\/\/cns.uw.edu.pl\/index.php\/wp-json\/wp\/v2\/pages\/10"}],"wp:attachment":[{"href":"https:\/\/cns.uw.edu.pl\/index.php\/wp-json\/wp\/v2\/media?parent=351"}],"curies":[{"name":"wp","href":"https:\/\/api.w.org\/{rel}","templated":true}]}}