{"id":338,"date":"2024-06-28T09:24:36","date_gmt":"2024-06-28T09:24:36","guid":{"rendered":"https:\/\/holmes.cnsuw.pl\/?page_id=338"},"modified":"2025-11-25T18:33:53","modified_gmt":"2025-11-25T18:33:53","slug":"prawo-dowodowe-i-kryminalistyka","status":"publish","type":"page","link":"https:\/\/cns.uw.edu.pl\/index.php\/studia-podyplomowe\/prawo-dowodowe-i-kryminalistyka\/","title":{"rendered":"Prawo Dowodowe i Kryminalistyka &#8211; edycja 2025\/2026"},"content":{"rendered":"\t\t<div data-elementor-type=\"wp-page\" data-elementor-id=\"338\" class=\"elementor elementor-338\" data-elementor-post-type=\"page\">\n\t\t\t\t<div class=\"elementor-element elementor-element-bbca285 e-flex e-con-boxed e-con e-parent\" data-id=\"bbca285\" data-element_type=\"container\">\n\t\t\t\t\t<div class=\"e-con-inner\">\n\t\t\t\t<div class=\"elementor-element elementor-element-cc07b89 elementor-cta--skin-classic elementor-animated-content elementor-bg-transform elementor-bg-transform-zoom-in elementor-widget elementor-widget-call-to-action\" data-id=\"cc07b89\" data-element_type=\"widget\" data-widget_type=\"call-to-action.default\">\n\t\t\t\t<div class=\"elementor-widget-container\">\n\t\t\t\t\t\t\t<div class=\"elementor-cta\">\n\t\t\t\t\t<div class=\"elementor-cta__bg-wrapper\">\n\t\t\t\t<div class=\"elementor-cta__bg elementor-bg\" style=\"background-image: url(https:\/\/cns.uw.edu.pl\/wp-content\/uploads\/2024\/06\/Bez-nazwy-3-774x1024.png);\" role=\"img\" aria-label=\"Bez nazwy (3)\"><\/div>\n\t\t\t\t<div class=\"elementor-cta__bg-overlay\"><\/div>\n\t\t\t<\/div>\n\t\t\t\t\t\t\t<div class=\"elementor-cta__content\">\n\t\t\t\t\n\t\t\t\t\t\t\t\t\t<h2 class=\"elementor-cta__title elementor-cta__content-item elementor-content-item\">\n\t\t\t\t\t\tKryminalistyka i Prawo Dowodowe\t\t\t\t\t<\/h2>\n\t\t\t\t\n\t\t\t\t\t\t\t\t\t<div class=\"elementor-cta__description elementor-cta__content-item elementor-content-item\">\n\t\t\t\t\t\tRoczne Studia Podyplomowe na Uniwersytecie Warszawskim\t\t\t\t\t<\/div>\n\t\t\t\t\n\t\t\t\t\t\t\t\t\t<div class=\"elementor-cta__button-wrapper elementor-cta__content-item elementor-content-item \">\n\t\t\t\t\t<a class=\"elementor-cta__button elementor-button elementor-size-\" href=\"https:\/\/irk.uw.edu.pl\/pl\/offer\/PODYPL2025\/programme\/SP-PDKiNP\/?from=field:SP-PDKiNP\">\n\t\t\t\t\t\tRejestracja i opis w IRK (obecnie zamkni\u0119ta)\t\t\t\t\t<\/a>\n\t\t\t\t\t<\/div>\n\t\t\t\t\t\t\t<\/div>\n\t\t\t\t\t\t<\/div>\n\t\t\t\t\t\t<\/div>\n\t\t\t\t<\/div>\n\t\t\t\t\t<\/div>\n\t\t\t\t<\/div>\n\t\t<div class=\"elementor-element elementor-element-29c3989 e-flex e-con-boxed e-con e-parent\" data-id=\"29c3989\" data-element_type=\"container\">\n\t\t\t\t\t<div class=\"e-con-inner\">\n\t\t\t\t<div class=\"elementor-element elementor-element-0c50796 elementor-widget-divider--view-line elementor-widget elementor-widget-divider\" data-id=\"0c50796\" data-element_type=\"widget\" data-widget_type=\"divider.default\">\n\t\t\t\t<div class=\"elementor-widget-container\">\n\t\t\t\t\t\t\t<div class=\"elementor-divider\">\n\t\t\t<span class=\"elementor-divider-separator\">\n\t\t\t\t\t\t<\/span>\n\t\t<\/div>\n\t\t\t\t\t\t<\/div>\n\t\t\t\t<\/div>\n\t\t\t\t<div class=\"elementor-element elementor-element-8d0fea1 elementor-widget elementor-widget-text-editor\" data-id=\"8d0fea1\" data-element_type=\"widget\" data-widget_type=\"text-editor.default\">\n\t\t\t\t<div class=\"elementor-widget-container\">\n\t\t\t\t\t\t\t\t\t<h3 style=\"text-align: center;\"><span style=\"color: #333333;\"><strong>Studia Podyplomowe Kryminalistyki i Prawa Dowodowego \u2013 \u015bcie\u017cka do specjalizacji w naukach s\u0105dowych<\/strong><\/span><\/h3><p><span style=\"color: #333333;\">Zapraszamy do udzia\u0142u w Studiach Podyplomowych Kryminalistyki i Prawa Dowodowego oferowanych przez Centrum Nauk S\u0105dowych Uniwersytetu Warszawskiego. Program skierowany jest do absolwent\u00f3w r\u00f3\u017cnych kierunk\u00f3w studi\u00f3w, kt\u00f3rzy pragn\u0105 poszerzy\u0107 swoj\u0105 wiedz\u0119 w zakresie kryminalistyki i prawa dowodowego. Studia te \u0142\u0105cz\u0105 teoretyczne podstawy z praktycznymi umiej\u0119tno\u015bciami, dostarczaj\u0105c kompleksowej wiedzy niezb\u0119dnej do pracy w szerokim spektrum dziedzin zwi\u0105zanych z naukami s\u0105dowymi. Dzi\u0119ki interdyscyplinarnemu podej\u015bciu oraz zaj\u0119ciom prowadzonym przez wybitnych specjalist\u00f3w, uczestnicy b\u0119d\u0105 mieli okazj\u0119 zg\u0142\u0119bi\u0107 tajniki kryminalistyki oraz zdoby\u0107 cenne do\u015bwiadczenie praktyczne.<\/span><\/p>\t\t\t\t\t\t\t\t<\/div>\n\t\t\t\t<\/div>\n\t\t\t\t\t<\/div>\n\t\t\t\t<\/div>\n\t\t<div class=\"elementor-element elementor-element-96e105d e-flex e-con-boxed e-con e-parent\" data-id=\"96e105d\" data-element_type=\"container\">\n\t\t\t\t\t<div class=\"e-con-inner\">\n\t\t\t\t<div class=\"elementor-element elementor-element-8209fa3 elementor-widget elementor-widget-text-editor\" data-id=\"8209fa3\" data-element_type=\"widget\" data-widget_type=\"text-editor.default\">\n\t\t\t\t<div class=\"elementor-widget-container\">\n\t\t\t\t\t\t\t\t\t<p><span style=\"color: #333333;\"><strong>Harmonogram zaj\u0119\u0107 2025\/2026<\/strong><\/span><\/p><p><span style=\"color: #333333;\">Wszystkie zaj\u0119cia b\u0119d\u0105 odbywa\u0142y si\u0119 stacjonarnie w budynku Wydzia\u0142u Biologii Uniwersytetu Warszawskiego przy ul. Miecznikowa 1 (kampus Ochota). Wszystkie zjazdy s\u0105 zorganizowane w soboty i niedziele w blokach godzinowych wg. nast\u0119puj\u0105cego schematu:\u00a0<\/span><\/p><table><tbody><tr><td><strong><span style=\"color: #333333;\">W soboty:<\/span><\/strong><\/td><td><ul><li><span style=\"color: #333333;\">godz. 9.15 \u2013 13.15 \u2013 blok pierwszy<\/span><\/li><li><span style=\"color: #333333;\">godz. 14:00 \u2013 18.00 \u2013 blok drugi<\/span><\/li><\/ul><\/td><\/tr><tr><td><strong><span style=\"color: #333333;\">W niedziele:<\/span><\/strong><\/td><td><ul><li><span style=\"color: #333333;\">godz. \u00a09.15-13.15. \u2013 blok trzeci<\/span><\/li><\/ul><\/td><\/tr><\/tbody><\/table><p><span style=\"color: #333333;\">Szczeg\u00f3\u0142owy harmonogram tematyczny jest ustalany corocznie w porozumieniu z wyk\u0142adowcami. Rozk\u0142ad zaj\u0119\u0107 uwzgl\u0119dniaj\u0105cy ich tematy i nazwiska wyk\u0142adowc\u00f3w jest przedstawiany na pocz\u0105tku semestru.\u00a0<\/span><\/p><ul><li><strong><span style=\"color: #333333;\">Harmonogram tematyczny zaj\u0119\u0107 &#8211;<span style=\"color: #3366ff;\"><a style=\"color: #3366ff;\" href=\"https:\/\/cns.uw.edu.pl\/wp-content\/uploads\/2025\/10\/Harmonogram-semestr-zimowy.pdf\">Harmonogram semestr zimowy<\/a><\/span><\/span><\/strong><\/li><\/ul><p><span style=\"color: #333333;\">Na rok akademicki 2025\/2026 wyznaczyli\u015bmy nast\u0119puj\u0105ce \u201cpodstawowe\u201d terminy zjazd\u00f3w:<\/span><\/p>\t\t\t\t\t\t\t\t<\/div>\n\t\t\t\t<\/div>\n\t\t\t\t\t<\/div>\n\t\t\t\t<\/div>\n\t\t<div class=\"elementor-element elementor-element-59fd593 e-grid e-con-boxed e-con e-parent\" data-id=\"59fd593\" data-element_type=\"container\">\n\t\t\t\t\t<div class=\"e-con-inner\">\n\t\t\t\t<div class=\"elementor-element elementor-element-52c1065 elementor-widget elementor-widget-text-editor\" data-id=\"52c1065\" data-element_type=\"widget\" data-widget_type=\"text-editor.default\">\n\t\t\t\t<div class=\"elementor-widget-container\">\n\t\t\t\t\t\t\t\t\t<ol><li><span style=\"color: #333333;\">25\/26 pa\u017adziernika 2025<\/span><\/li><li><span style=\"color: #333333;\">15\/16 listopada 2025<\/span><\/li><li><span style=\"color: #333333;\">29\/30 listopada 2025<\/span><\/li><li><span style=\"color: #333333;\">13\/14 grudnia 2025<\/span><\/li><li><span style=\"color: #333333;\">10\/11 stycznia 2026<\/span><\/li><li><span style=\"color: #333333;\">24\/25 stycznia 2026<\/span><\/li><li><span style=\"color: #333333;\">7\/8 lutego 2026<\/span><\/li><li><span style=\"color: #333333;\">28 lutego\/1 marca 2026<\/span><\/li><li><span style=\"color: #333333;\">14\/15 marca 2026<\/span><\/li><li><span style=\"color: #333333;\">28\/29 marca 2026<\/span><\/li><li><span style=\"color: #333333;\">11\/12 kwietnia 2026<\/span><\/li><li><span style=\"color: #333333;\">25\/26 kwietnia 2026<\/span><\/li><li><span style=\"color: #333333;\">16\/17 maja 2026<\/span><\/li><li><span style=\"color: #333333;\">30\/31 maja 2026<\/span><\/li><\/ol><p><span style=\"color: #333333;\">Jednocze\u015bnie wskazujemy terminy \u201crezerwowe\u201d na wypadek konieczno\u015bci przeniesienia z przyczyn losowych lub dla zaj\u0119\u0107 dodatkowych (podczas jednej z tych dat b\u0119d\u0105 te\u017c realizowane warsztaty ogl\u0119dzinowe):<\/span><\/p><ol start=\"15\"><li><span style=\"color: #333333;\">14 i 15 lutego 2026<\/span><\/li><li><span style=\"color: #333333;\">6 i 7 grudnia 2025<\/span><\/li><li><span style=\"color: #333333;\">6 i 7 czerwca 2026<\/span><\/li><li><span style=\"color: #333333;\">13 i 14 czerwca 2026<\/span><\/li><\/ol>\t\t\t\t\t\t\t\t<\/div>\n\t\t\t\t<\/div>\n\t\t\t\t<div class=\"elementor-element elementor-element-172902e elementor-widget elementor-widget-image\" data-id=\"172902e\" data-element_type=\"widget\" data-widget_type=\"image.default\">\n\t\t\t\t<div class=\"elementor-widget-container\">\n\t\t\t\t\t\t\t\t\t\t\t\t\t\t\t<img decoding=\"async\" src=\"https:\/\/cns.uw.edu.pl\/wp-content\/uploads\/elementor\/thumbs\/Untitled-1-r5v5f3lvpzv4m39hgod5ssz65nshzj1s85lo0c8iuo.png\" title=\"Untitled (1)\" alt=\"Untitled (1)\" loading=\"lazy\" \/>\t\t\t\t\t\t\t\t\t\t\t\t\t\t\t<\/div>\n\t\t\t\t<\/div>\n\t\t\t\t\t<\/div>\n\t\t\t\t<\/div>\n\t\t<div class=\"elementor-element elementor-element-e323347 e-flex e-con-boxed e-con e-parent\" data-id=\"e323347\" data-element_type=\"container\">\n\t\t\t\t\t<div class=\"e-con-inner\">\n\t\t\t\t<div class=\"elementor-element elementor-element-52ce492 elementor-widget elementor-widget-text-editor\" data-id=\"52ce492\" data-element_type=\"widget\" data-widget_type=\"text-editor.default\">\n\t\t\t\t<div class=\"elementor-widget-container\">\n\t\t\t\t\t\t\t\t\t<h4><span style=\"color: #333333;\"><strong>Program i wyk\u0142adowcy &#8211; 2025\/2026<\/strong><\/span><\/h4><p><span style=\"color: #333333;\">Wielodyscyplinarny program studi\u00f3w ma na celu wst\u0119pne oraz pog\u0142\u0119bione zapoznanie s\u0142uchaczy z istotnymi zagadnieniami prawa dowodowego i kryminalistyki, obejmuj\u0105cymi r\u00f3\u017cne dziedziny nauk spo\u0142ecznych (prawo, psychologia), \u015bcis\u0142ych i przyrodniczych (biologia, chemia, fizyka), a tak\u017ce medycznych. Program obejmuje w szczeg\u00f3lno\u015bci nast\u0119puj\u0105ce obszary tematyczne:<\/span><\/p><ul><li><span style=\"color: #333333;\"><strong>Prawo dowodowe<\/strong>: zarys prawa i procesu karnego, znaczenie kryminalistyki dla zwalczania i zapobiegania przest\u0119pczo\u015bci, przebieg procesu dowodzenia, zasady prawid\u0142owej wsp\u00f3\u0142pracy z bieg\u0142ymi oraz prawne i praktyczne ramy realizacji r\u00f3\u017cnych czynno\u015bci dowodowych (m.in. przes\u0142uchania, okazania, przeszukania, ogl\u0119dziny miejsca zdarzenia).<\/span><\/li><li><span style=\"color: #333333;\"><strong>Kryminalistyka klasyczna<\/strong>: zasady identyfikacji kryminalistycznej i om\u00f3wienie wybranych technik kryminalistycznych, takich jak daktyloskopia, badania dokument\u00f3w, badania pisma r\u0119cznego, balistyka, analiza \u015blad\u00f3w krwawych.<\/span><\/li><li><span style=\"color: #333333;\"><strong>Elementy medycyny s\u0105dowej<\/strong>.<\/span><\/li><li><span style=\"color: #333333;\"><strong>Wst\u0119p do fizyki i chemii s\u0105dowej<\/strong>: fizykochemiczne metody identyfikacji substancji (m.in. spektroskopia, mikroskopia elektronowa) oraz badania autentyczno\u015bci substancji i obiekt\u00f3w.<\/span><\/li><li><span style=\"color: #333333;\"><strong>Zagadnienia biologiczne<\/strong>: wprowadzenie do identyfikacji biologicznej i genetyka s\u0105dowa, botanika i zoologia w kryminalistyce.<\/span><\/li><li><span style=\"color: #333333;\"><strong>Psychologia s\u0105dowa<\/strong>: psychologia pami\u0119ci i jej zastosowania w praktyce s\u0105dowej, udzia\u0142 psychologa w post\u0119powaniu s\u0105dowym, taktyki prowadzenia przes\u0142ucha\u0144 \u015bwiadk\u00f3w i podejrzanych, zagadnienia wiktymologiczne i kryminologiczne.<\/span><\/li><li><span style=\"color: #333333;\"><strong>Nowe technologie w kryminalistyce<\/strong>: cyberbezpiecze\u0144stwo, informatyka kryminalistyczna i OSINT.<\/span><\/li><li><span style=\"color: #333333;\"><strong>Fakultatywny warsztat terenowy<\/strong>: symulacja ogl\u0119dzin miejsca zdarzenia.<\/span><\/li><\/ul><p><span style=\"color: #333333;\">Szczeg\u00f3\u0142owy harmonogram zjazd\u00f3w jest ustalany corocznie wraz z wyk\u0142adowcami.<\/span><\/p><p><span style=\"color: #333333;\">Kierownikiem Studi\u00f3w Podyplomowych w CNS UW jest <a href=\"https:\/\/cns.uw.edu.pl\/index.php\/home\/zespol\/\">prof. dr hab. Pawe\u0142 Waszkiewicz<\/a><a href=\"https:\/\/holmes.cnsuw.pl\/index.php\/home\/zespol\/\">.<\/a> Wszystkie zaj\u0119cia s\u0105 realizowane przez kadr\u0119 naukow\u0105 zwi\u0105zan\u0105 z r\u00f3\u017cnymi jednostkami Uniwersytetu Warszawskiego oraz wsp\u00f3\u0142pracownik\u00f3w Centrum Nauk S\u0105dowych UW. Wyk\u0142adowcy Studi\u00f3w Podyplomowych w CNS to niekwestionowani specjali\u015bci w swoich dziedzinach \u2013 z zakresu prawa i post\u0119powania karnego, biologii, fizyki, psychologii, chemii, medycyny oraz innych interdyscyplinarnych obszar\u00f3w wiedzy, posiadaj\u0105cy bogate do\u015bwiadczenie praktyczne i dydaktyczne w zakresie kryminalistyki i wspieraj\u0105cych j\u0105 dyscyplin.<\/span><\/p><p><span style=\"color: #333333;\"><strong>W ostatnich edycjach wyk\u0142adowcami Studi\u00f3w Podyplomowych Kryminalistyki i Prawa Dowodowegow CNS UW byli m.in.:<\/strong><\/span><\/p><ul><li><span style=\"color: #333333;\">Prof. dr hab. Andrzej Wysmo\u0142ek (Wydzia\u0142 Fizyki UW)<\/span><\/li><li><span style=\"color: #333333;\">Prof. dr hab. Ewa Czerniawska (Wydzia\u0142 Psychologii UW)<\/span><\/li><li><span style=\"color: #333333;\">Prof. dr hab. Piotr Girdwoy\u0144 (Wydzia\u0142 Prawa i Administracji UW)<\/span><\/li><li><span style=\"color: #333333;\">Prof. dr hab. Tadeusz Tomaszewski (Wydzia\u0142 Prawa i Administracji UW)<\/span><\/li><li><span style=\"color: #333333;\">Prof. dr hab. Tomasz Matulewicz (Wydzia\u0142 Fizyki UW)<\/span><\/li><li><span style=\"color: #333333;\">Dr hab. Andrzej Witowski (Wydzia\u0142 Fizyki UW)<\/span><\/li><li><span style=\"color: #333333;\">Dr hab. Pawe\u0142 Waszkiewicz, prof. UW (Wydzia\u0142 Prawa i Administracji UW)<\/span><\/li><li><span style=\"color: #333333;\">Dr hab. Piotr B\u0119bas (Wydzia\u0142 Biologii UW)<\/span><\/li><li><span style=\"color: #333333;\">Dr Aleksandra Skawina (Wydzia\u0142 Biologii UW)<\/span><\/li><li><span style=\"color: #333333;\">Dr Anna Grochowska-Wasilewska (Wydzia\u0142 Prawa i Administracji UW)<\/span><\/li><li><span style=\"color: #333333;\">Dr Jerzy Wojciechowski (Wydzia\u0142 Psychologii UW)<\/span><\/li><li><span style=\"color: #333333;\">Dr Johannes Binder (Wydzia\u0142 Fizyki UW)<\/span><\/li><li><span style=\"color: #333333;\">Dr \u0141ukasz Banasiak (Wydzia\u0142 Biologii UW)<\/span><\/li><li><span style=\"color: #333333;\">Dr Magdalena Kaliszewska (Wydzia\u0142 Biologii UW)<\/span><\/li><li><span style=\"color: #333333;\">Dr Magdalena Tomaszewska-Michalak (WNPiSM UW)<\/span><\/li><li><span style=\"color: #333333;\">Dr Ma\u0142gorzata Toeplitz-Winiewska (Polskie Towarzystwo Psychologiczne)<\/span><\/li><li><span style=\"color: #333333;\">Dr Marcin Fudalej (Warszawski Uniwersytet Medyczny)<\/span><\/li><li><span style=\"color: #333333;\">Dr Micha\u0142 Adam Dobrowolski (Wydzia\u0142 Chemii UW)<\/span><\/li><li><span style=\"color: #333333;\">Dr Micha\u0142 G\u00f3rski (MISMap UW)<\/span><\/li><li><span style=\"color: #333333;\">Dr Piotr Lewulis\u00a0(Wydzia\u0142 Prawa i Administracji UW)<\/span><\/li><li><span style=\"color: #333333;\">Dr Takao Ishikawa (Wydzia\u0142 Biologii UW)<\/span><\/li><li><span style=\"color: #333333;\">Mgr Agata Jagielska (Wydzia\u0142 Chemii UW)<\/span><\/li><li><span style=\"color: #333333;\">Mgr B\u0142a\u017cej Stromczy\u0144ski (Wydzia\u0142 Prawa i Administracji UW)<\/span><\/li><li><span style=\"color: #333333;\">Mgr Krzysztof Worek (Wydzia\u0142 Prawa i Administracji UW)<\/span><\/li><li><span style=\"color: #333333;\">Mgr Maciej Broniarz (Centrum Nauk S\u0105dowych UW)<\/span><\/li><li><span style=\"color: #333333;\">Mgr Stanis\u0142aw Rabczuk (Wydzia\u0142 Prawa i Administracji UW)<\/span><\/li><li><span style=\"color: #333333;\">prok. J\u0119drzej Kupczy\u0144ski (Wydzia\u0142 Prawa i Administracji UW)<\/span><\/li><li><span style=\"color: #333333;\">prok. Rados\u0142aw Parzych<\/span><\/li><li><span style=\"color: #333333;\">insp. w st. sp. Urszula Cur<\/span><\/li><li><span style=\"color: #333333;\">insp. w st. sp. Krystian Wojciechowski<\/span><\/li><\/ul>\t\t\t\t\t\t\t\t<\/div>\n\t\t\t\t<\/div>\n\t\t\t\t\t<\/div>\n\t\t\t\t<\/div>\n\t\t<div class=\"elementor-element elementor-element-7295cb3 e-flex e-con-boxed e-con e-parent\" data-id=\"7295cb3\" data-element_type=\"container\">\n\t\t\t\t\t<div class=\"e-con-inner\">\n\t\t\t\t<div class=\"elementor-element elementor-element-df2ed57 elementor-widget elementor-widget-text-editor\" data-id=\"df2ed57\" data-element_type=\"widget\" data-widget_type=\"text-editor.default\">\n\t\t\t\t<div class=\"elementor-widget-container\">\n\t\t\t\t\t\t\t\t\t<h4><span style=\"color: #333333;\"><strong>Czesne<\/strong><\/span><\/h4><div><p><span style=\"color: #333333;\">Op\u0142ata za Studia w roku akademickim 2025\/2026 wynosi:<\/span><\/p><ul><li><span style=\"color: #333333; font-size: 16px;\"> 4950 pln \u2013 op\u0142ata jednorazowa wniesiona w terminie do 21 pa\u017adziernika 2025 r.<\/span><\/li><li><span style=\"color: #333333;\"> 5300 pln \u2013 w dw\u00f3ch ratach po 2650 PLN \u2013 I) do 21 pa\u017adziernika 2025 r., II) do 15 lutego 2026 r.<\/span><\/li><li><span style=\"color: #333333;\">5600 pln \u2013 w czterech ratach po 1400 PLN \u2013 I) do 21 pa\u017adziernika 2025, II) do 15 grudnia 2025, III) do 15 lutego 2026, IV) do 15 kwietnia 2026 r.<\/span><\/li><\/ul><h4>\u00a0<\/h4><h4><span style=\"color: #333333;\"><strong>Dane do przelewu:<\/strong><\/span><\/h4><h5><strong><span style=\"color: #ff0000;\">Prosimy o dokonywanie wp\u0142at dopiero po uzyskaniu decyzji o przyj\u0119ciu<\/span><\/strong><\/h5><blockquote><p><span style=\"color: #333333;\">Nr rachunku: 64 1160 2202 0000 0000 9659 0409<\/span><\/p><p><span style=\"color: #333333;\">Uniwersytet Warszawski Centrum Nauk S\u0105dowych<\/span><br \/><span style=\"color: #333333;\">02-089 Warszawa ul. \u017bwirki i Wigury 101<\/span><\/p><p><span style=\"color: #333333;\"><strong>Tytu\u0142 przelewu:<\/strong> Op\u0142ata za Studia Podyplomowe Kryminalistyki i Prawa Dowodowego [Imi\u0119 i Nazwisko S\u0142uchacza]<\/span><\/p><\/blockquote><\/div>\t\t\t\t\t\t\t\t<\/div>\n\t\t\t\t<\/div>\n\t\t\t\t\t<\/div>\n\t\t\t\t<\/div>\n\t\t\t\t<\/div>\n\t\t","protected":false},"excerpt":{"rendered":"<p>Kryminalistyka i Prawo Dowodowe Roczne Studia Podyplomowe na Uniwersytecie Warszawskim Rejestracja i opis w IRK (obecnie zamkni\u0119ta) Studia Podyplomowe Kryminalistyki [&hellip;]<\/p>\n","protected":false},"author":1,"featured_media":0,"parent":15,"menu_order":0,"comment_status":"closed","ping_status":"closed","template":"","meta":{"site-sidebar-layout":"no-sidebar","site-content-layout":"","ast-site-content-layout":"full-width-container","site-content-style":"default","site-sidebar-style":"default","ast-global-header-display":"","ast-banner-title-visibility":"","ast-main-header-display":"","ast-hfb-above-header-display":"","ast-hfb-below-header-display":"","ast-hfb-mobile-header-display":"","site-post-title":"disabled","ast-breadcrumbs-content":"","ast-featured-img":"disabled","footer-sml-layout":"","theme-transparent-header-meta":"default","adv-header-id-meta":"","stick-header-meta":"","header-above-stick-meta":"","header-main-stick-meta":"","header-below-stick-meta":"","astra-migrate-meta-layouts":"set","ast-page-background-enabled":"default","ast-page-background-meta":{"desktop":{"background-color":"var(--ast-global-color-4)","background-image":"","background-repeat":"repeat","background-position":"center center","background-size":"auto","background-attachment":"scroll","background-type":"","background-media":"","overlay-type":"","overlay-color":"","overlay-opacity":"","overlay-gradient":""},"tablet":{"background-color":"","background-image":"","background-repeat":"repeat","background-position":"center center","background-size":"auto","background-attachment":"scroll","background-type":"","background-media":"","overlay-type":"","overlay-color":"","overlay-opacity":"","overlay-gradient":""},"mobile":{"background-color":"","background-image":"","background-repeat":"repeat","background-position":"center center","background-size":"auto","background-attachment":"scroll","background-type":"","background-media":"","overlay-type":"","overlay-color":"","overlay-opacity":"","overlay-gradient":""}},"ast-content-background-meta":{"desktop":{"background-color":"var(--ast-global-color-5)","background-image":"","background-repeat":"repeat","background-position":"center center","background-size":"auto","background-attachment":"scroll","background-type":"","background-media":"","overlay-type":"","overlay-color":"","overlay-opacity":"","overlay-gradient":""},"tablet":{"background-color":"var(--ast-global-color-5)","background-image":"","background-repeat":"repeat","background-position":"center center","background-size":"auto","background-attachment":"scroll","background-type":"","background-media":"","overlay-type":"","overlay-color":"","overlay-opacity":"","overlay-gradient":""},"mobile":{"background-color":"var(--ast-global-color-5)","background-image":"","background-repeat":"repeat","background-position":"center center","background-size":"auto","background-attachment":"scroll","background-type":"","background-media":"","overlay-type":"","overlay-color":"","overlay-opacity":"","overlay-gradient":""}},"footnotes":""},"class_list":["post-338","page","type-page","status-publish","hentry"],"_links":{"self":[{"href":"https:\/\/cns.uw.edu.pl\/index.php\/wp-json\/wp\/v2\/pages\/338","targetHints":{"allow":["GET"]}}],"collection":[{"href":"https:\/\/cns.uw.edu.pl\/index.php\/wp-json\/wp\/v2\/pages"}],"about":[{"href":"https:\/\/cns.uw.edu.pl\/index.php\/wp-json\/wp\/v2\/types\/page"}],"author":[{"embeddable":true,"href":"https:\/\/cns.uw.edu.pl\/index.php\/wp-json\/wp\/v2\/users\/1"}],"replies":[{"embeddable":true,"href":"https:\/\/cns.uw.edu.pl\/index.php\/wp-json\/wp\/v2\/comments?post=338"}],"version-history":[{"count":137,"href":"https:\/\/cns.uw.edu.pl\/index.php\/wp-json\/wp\/v2\/pages\/338\/revisions"}],"predecessor-version":[{"id":2906,"href":"https:\/\/cns.uw.edu.pl\/index.php\/wp-json\/wp\/v2\/pages\/338\/revisions\/2906"}],"up":[{"embeddable":true,"href":"https:\/\/cns.uw.edu.pl\/index.php\/wp-json\/wp\/v2\/pages\/15"}],"wp:attachment":[{"href":"https:\/\/cns.uw.edu.pl\/index.php\/wp-json\/wp\/v2\/media?parent=338"}],"curies":[{"name":"wp","href":"https:\/\/api.w.org\/{rel}","templated":true}]}}