{"id":2807,"date":"2025-09-30T08:37:50","date_gmt":"2025-09-30T08:37:50","guid":{"rendered":"https:\/\/cns.uw.edu.pl\/?page_id=2807"},"modified":"2025-09-30T08:56:20","modified_gmt":"2025-09-30T08:56:20","slug":"samorzad-studentow-cns-uw","status":"publish","type":"page","link":"https:\/\/cns.uw.edu.pl\/index.php\/home\/samorzad-studentow-cns-uw\/","title":{"rendered":"Samorz\u0105d Student\u00f3w CNS UW"},"content":{"rendered":"\t\t<div data-elementor-type=\"wp-page\" data-elementor-id=\"2807\" class=\"elementor elementor-2807\" data-elementor-post-type=\"page\">\n\t\t\t\t<div class=\"elementor-element elementor-element-65ec434f e-flex e-con-boxed e-con e-parent\" data-id=\"65ec434f\" data-element_type=\"container\">\n\t\t\t\t\t<div class=\"e-con-inner\">\n\t\t\t\t<div class=\"elementor-element elementor-element-2f1cd4a1 elementor-widget elementor-widget-text-editor\" data-id=\"2f1cd4a1\" data-element_type=\"widget\" data-widget_type=\"text-editor.default\">\n\t\t\t\t<div class=\"elementor-widget-container\">\n\t\t\t\t\t\t\t\t\t<p><span style=\"color: #000000;\">Rada Samorz\u0105du Student\u00f3w CNS to organ, kt\u00f3ry sk\u0142ada si\u0119 ze student\u00f3w i dzia\u0142a dla student\u00f3w. Naszym g\u0142\u00f3wnym zadaniem jest wsparcie studenta na ka\u017cdym etapie studiowania w Centrum Nauk S\u0105dowych. Rada sk\u0142ada si\u0119 ze student\u00f3w z pasj\u0105, szczeg\u00f3lnie zaanga\u017cowanych w codzienne funkcjonowanie jednostki. Praca Samorz\u0105du to nie tylko obowi\u0105zki. Samorz\u0105d zajmuje si\u0119 organizacj\u0105 wydarze\u0144 o charakterze integracyjnym i \u017cycia kulturalno-rozrywkowego student\u00f3w CNS. Udzia\u0142 w Samorz\u0105dzie stwarza mo\u017cliwo\u015b\u0107 zdobywania do\u015bwiadczenia, kompetencji, nawi\u0105zywania kontakt\u00f3w i osobistego spe\u0142niania si\u0119 w dzia\u0142alno\u015bci studenckiej.<\/span><\/p>\t\t\t\t\t\t\t\t<\/div>\n\t\t\t\t<\/div>\n\t\t\t\t\t<\/div>\n\t\t\t\t<\/div>\n\t\t<div class=\"elementor-element elementor-element-ab953a7 e-grid e-con-boxed e-con e-parent\" data-id=\"ab953a7\" data-element_type=\"container\">\n\t\t\t\t\t<div class=\"e-con-inner\">\n\t\t\t\t<div class=\"elementor-element elementor-element-73115b4 elementor-widget elementor-widget-text-editor\" data-id=\"73115b4\" data-element_type=\"widget\" data-widget_type=\"text-editor.default\">\n\t\t\t\t<div class=\"elementor-widget-container\">\n\t\t\t\t\t\t\t\t\t<h3>Cz\u0142onkowie Rady Samorz\u0105du Studenckiego w kadencji 2024\/25:<\/h3><ul><li><span style=\"color: #333333;\">Przewodnicz\u0105ca: Patrycja Znajomska<\/span><\/li><li><span style=\"color: #333333;\">Wiceprzewodnicz\u0105ca: Iryna Yanus<\/span><\/li><li><span style=\"color: #333333;\">Pe\u0142nomocnik ds. finans\u00f3w: Andrzej Ro\u017ckow<\/span><\/li><li><span style=\"color: #333333;\">Cz\u0142onek: Sandra Kruszewska<\/span><\/li><li><span style=\"color: #333333;\">Cz\u0142onek: Patrycja Nowak<\/span><\/li><\/ul><h3>Kontakt<\/h3><ul><li><span style=\"color: #333333;\">e-mail:<\/span> <a href=\"mailto:rss.cns@samorzad.uw.edu.pl\">rss.cns@samorzad.uw.edu.pl<\/a><\/li><li><span style=\"color: #333333;\">Jeste\u015bmy te\u017c na <strong><span style=\"color: #3366ff;\"><a style=\"color: #3366ff;\" href=\"https:\/\/www.facebook.com\/SSCNSUW\">Facebooku<\/a><\/span><\/strong> i <span style=\"color: #3366ff;\"><strong><a style=\"color: #3366ff;\" href=\"https:\/\/www.instagram.com\/samorzadcns\">Instagramie<\/a><\/strong><\/span><\/span><\/li><\/ul>\t\t\t\t\t\t\t\t<\/div>\n\t\t\t\t<\/div>\n\t\t\t\t<div class=\"elementor-element elementor-element-e04a1c9 elementor-widget elementor-widget-image\" data-id=\"e04a1c9\" data-element_type=\"widget\" data-widget_type=\"image.default\">\n\t\t\t\t<div class=\"elementor-widget-container\">\n\t\t\t\t\t\t\t\t\t\t\t\t\t\t\t<img fetchpriority=\"high\" decoding=\"async\" width=\"300\" height=\"300\" src=\"https:\/\/cns.uw.edu.pl\/wp-content\/uploads\/2025\/09\/samorzad-logo-300x300.jpg\" class=\"attachment-medium size-medium wp-image-2829\" alt=\"\" srcset=\"https:\/\/cns.uw.edu.pl\/wp-content\/uploads\/2025\/09\/samorzad-logo-300x300.jpg 300w, https:\/\/cns.uw.edu.pl\/wp-content\/uploads\/2025\/09\/samorzad-logo-150x150.jpg 150w, https:\/\/cns.uw.edu.pl\/wp-content\/uploads\/2025\/09\/samorzad-logo-768x768.jpg 768w, https:\/\/cns.uw.edu.pl\/wp-content\/uploads\/2025\/09\/samorzad-logo.jpg 785w\" sizes=\"(max-width: 300px) 100vw, 300px\" \/>\t\t\t\t\t\t\t\t\t\t\t\t\t\t\t<\/div>\n\t\t\t\t<\/div>\n\t\t\t\t\t<\/div>\n\t\t\t\t<\/div>\n\t\t<div class=\"elementor-element elementor-element-a236a57 e-flex e-con-boxed e-con e-parent\" data-id=\"a236a57\" data-element_type=\"container\">\n\t\t\t\t\t<div class=\"e-con-inner\">\n\t\t\t\t<div class=\"elementor-element elementor-element-6d234be elementor-widget-divider--view-line elementor-widget elementor-widget-divider\" data-id=\"6d234be\" data-element_type=\"widget\" data-widget_type=\"divider.default\">\n\t\t\t\t<div class=\"elementor-widget-container\">\n\t\t\t\t\t\t\t<div class=\"elementor-divider\">\n\t\t\t<span class=\"elementor-divider-separator\">\n\t\t\t\t\t\t<\/span>\n\t\t<\/div>\n\t\t\t\t\t\t<\/div>\n\t\t\t\t<\/div>\n\t\t\t\t\t<\/div>\n\t\t\t\t<\/div>\n\t\t<div class=\"elementor-element elementor-element-4a47b0f e-flex e-con-boxed e-con e-parent\" data-id=\"4a47b0f\" data-element_type=\"container\">\n\t\t\t\t\t<div class=\"e-con-inner\">\n\t\t\t\t<div class=\"elementor-element elementor-element-f4f0c3c elementor-widget elementor-widget-gallery\" data-id=\"f4f0c3c\" data-element_type=\"widget\" data-settings=\"{&quot;lazyload&quot;:&quot;yes&quot;,&quot;gallery_layout&quot;:&quot;grid&quot;,&quot;columns&quot;:4,&quot;columns_tablet&quot;:2,&quot;columns_mobile&quot;:1,&quot;gap&quot;:{&quot;unit&quot;:&quot;px&quot;,&quot;size&quot;:10,&quot;sizes&quot;:[]},&quot;gap_tablet&quot;:{&quot;unit&quot;:&quot;px&quot;,&quot;size&quot;:10,&quot;sizes&quot;:[]},&quot;gap_mobile&quot;:{&quot;unit&quot;:&quot;px&quot;,&quot;size&quot;:10,&quot;sizes&quot;:[]},&quot;link_to&quot;:&quot;file&quot;,&quot;aspect_ratio&quot;:&quot;3:2&quot;,&quot;overlay_background&quot;:&quot;yes&quot;,&quot;content_hover_animation&quot;:&quot;fade-in&quot;}\" data-widget_type=\"gallery.default\">\n\t\t\t\t<div class=\"elementor-widget-container\">\n\t\t\t\t\t\t\t<div class=\"elementor-gallery__container\">\n\t\t\t\t\t\t\t<a class=\"e-gallery-item elementor-gallery-item elementor-animated-content\" href=\"https:\/\/cns.uw.edu.pl\/wp-content\/uploads\/2025\/09\/rss-3.jpg\" data-elementor-open-lightbox=\"yes\" data-elementor-lightbox-slideshow=\"f4f0c3c\" data-elementor-lightbox-title=\"rss (3)\" data-e-action-hash=\"#elementor-action%3Aaction%3Dlightbox%26settings%3DeyJpZCI6MjgxNiwidXJsIjoiaHR0cHM6XC9cL2Nucy51dy5lZHUucGxcL3dwLWNvbnRlbnRcL3VwbG9hZHNcLzIwMjVcLzA5XC9yc3MtMy5qcGciLCJzbGlkZXNob3ciOiJmNGYwYzNjIn0%3D\">\n\t\t\t\t\t<div class=\"e-gallery-image elementor-gallery-item__image\" data-thumbnail=\"https:\/\/cns.uw.edu.pl\/wp-content\/uploads\/2025\/09\/rss-3-225x300.jpg\" data-width=\"225\" data-height=\"300\" aria-label=\"\" role=\"img\" ><\/div>\n\t\t\t\t\t\t\t\t\t\t\t<div class=\"elementor-gallery-item__overlay\"><\/div>\n\t\t\t\t\t\t\t\t\t\t\t\t\t\t<\/a>\n\t\t\t\t\t\t\t<a class=\"e-gallery-item elementor-gallery-item elementor-animated-content\" href=\"https:\/\/cns.uw.edu.pl\/wp-content\/uploads\/2025\/09\/rss-2.jpg\" data-elementor-open-lightbox=\"yes\" data-elementor-lightbox-slideshow=\"f4f0c3c\" data-elementor-lightbox-title=\"rss (2)\" data-e-action-hash=\"#elementor-action%3Aaction%3Dlightbox%26settings%3DeyJpZCI6MjgxMywidXJsIjoiaHR0cHM6XC9cL2Nucy51dy5lZHUucGxcL3dwLWNvbnRlbnRcL3VwbG9hZHNcLzIwMjVcLzA5XC9yc3MtMi5qcGciLCJzbGlkZXNob3ciOiJmNGYwYzNjIn0%3D\">\n\t\t\t\t\t<div class=\"e-gallery-image elementor-gallery-item__image\" data-thumbnail=\"https:\/\/cns.uw.edu.pl\/wp-content\/uploads\/2025\/09\/rss-2-300x300.jpg\" data-width=\"300\" data-height=\"300\" aria-label=\"\" role=\"img\" ><\/div>\n\t\t\t\t\t\t\t\t\t\t\t<div class=\"elementor-gallery-item__overlay\"><\/div>\n\t\t\t\t\t\t\t\t\t\t\t\t\t\t<\/a>\n\t\t\t\t\t\t\t<a class=\"e-gallery-item elementor-gallery-item elementor-animated-content\" href=\"https:\/\/cns.uw.edu.pl\/wp-content\/uploads\/2025\/09\/rss.jpg\" data-elementor-open-lightbox=\"yes\" data-elementor-lightbox-slideshow=\"f4f0c3c\" data-elementor-lightbox-title=\"rss\" data-e-action-hash=\"#elementor-action%3Aaction%3Dlightbox%26settings%3DeyJpZCI6MjgxNSwidXJsIjoiaHR0cHM6XC9cL2Nucy51dy5lZHUucGxcL3dwLWNvbnRlbnRcL3VwbG9hZHNcLzIwMjVcLzA5XC9yc3MuanBnIiwic2xpZGVzaG93IjoiZjRmMGMzYyJ9\">\n\t\t\t\t\t<div class=\"e-gallery-image elementor-gallery-item__image\" data-thumbnail=\"https:\/\/cns.uw.edu.pl\/wp-content\/uploads\/2025\/09\/rss-225x300.jpg\" data-width=\"225\" data-height=\"300\" aria-label=\"\" role=\"img\" ><\/div>\n\t\t\t\t\t\t\t\t\t\t\t<div class=\"elementor-gallery-item__overlay\"><\/div>\n\t\t\t\t\t\t\t\t\t\t\t\t\t\t<\/a>\n\t\t\t\t\t\t\t<a class=\"e-gallery-item elementor-gallery-item elementor-animated-content\" href=\"https:\/\/cns.uw.edu.pl\/wp-content\/uploads\/2025\/09\/rss.jpeg\" data-elementor-open-lightbox=\"yes\" data-elementor-lightbox-slideshow=\"f4f0c3c\" data-elementor-lightbox-title=\"rss\" data-e-action-hash=\"#elementor-action%3Aaction%3Dlightbox%26settings%3DeyJpZCI6MjgxNCwidXJsIjoiaHR0cHM6XC9cL2Nucy51dy5lZHUucGxcL3dwLWNvbnRlbnRcL3VwbG9hZHNcLzIwMjVcLzA5XC9yc3MuanBlZyIsInNsaWRlc2hvdyI6ImY0ZjBjM2MifQ%3D%3D\">\n\t\t\t\t\t<div class=\"e-gallery-image elementor-gallery-item__image\" data-thumbnail=\"https:\/\/cns.uw.edu.pl\/wp-content\/uploads\/2025\/09\/rss-225x300.jpeg\" data-width=\"225\" data-height=\"300\" aria-label=\"\" role=\"img\" ><\/div>\n\t\t\t\t\t\t\t\t\t\t\t<div class=\"elementor-gallery-item__overlay\"><\/div>\n\t\t\t\t\t\t\t\t\t\t\t\t\t\t<\/a>\n\t\t\t\t\t<\/div>\n\t\t\t\t\t<\/div>\n\t\t\t\t<\/div>\n\t\t\t\t\t<\/div>\n\t\t\t\t<\/div>\n\t\t\t\t<\/div>\n\t\t","protected":false},"excerpt":{"rendered":"<p>Rada Samorz\u0105du Student\u00f3w CNS to organ, kt\u00f3ry sk\u0142ada si\u0119 ze student\u00f3w i dzia\u0142a dla student\u00f3w. Naszym g\u0142\u00f3wnym zadaniem jest wsparcie [&hellip;]<\/p>\n","protected":false},"author":1,"featured_media":0,"parent":10,"menu_order":0,"comment_status":"closed","ping_status":"closed","template":"","meta":{"site-sidebar-layout":"default","site-content-layout":"","ast-site-content-layout":"default","site-content-style":"default","site-sidebar-style":"default","ast-global-header-display":"","ast-banner-title-visibility":"","ast-main-header-display":"","ast-hfb-above-header-display":"","ast-hfb-below-header-display":"","ast-hfb-mobile-header-display":"","site-post-title":"","ast-breadcrumbs-content":"","ast-featured-img":"","footer-sml-layout":"","theme-transparent-header-meta":"default","adv-header-id-meta":"","stick-header-meta":"","header-above-stick-meta":"","header-main-stick-meta":"","header-below-stick-meta":"","astra-migrate-meta-layouts":"set","ast-page-background-enabled":"default","ast-page-background-meta":{"desktop":{"background-color":"var(--ast-global-color-4)","background-image":"","background-repeat":"repeat","background-position":"center center","background-size":"auto","background-attachment":"scroll","background-type":"","background-media":"","overlay-type":"","overlay-color":"","overlay-opacity":"","overlay-gradient":""},"tablet":{"background-color":"","background-image":"","background-repeat":"repeat","background-position":"center center","background-size":"auto","background-attachment":"scroll","background-type":"","background-media":"","overlay-type":"","overlay-color":"","overlay-opacity":"","overlay-gradient":""},"mobile":{"background-color":"","background-image":"","background-repeat":"repeat","background-position":"center center","background-size":"auto","background-attachment":"scroll","background-type":"","background-media":"","overlay-type":"","overlay-color":"","overlay-opacity":"","overlay-gradient":""}},"ast-content-background-meta":{"desktop":{"background-color":"var(--ast-global-color-5)","background-image":"","background-repeat":"repeat","background-position":"center center","background-size":"auto","background-attachment":"scroll","background-type":"","background-media":"","overlay-type":"","overlay-color":"","overlay-opacity":"","overlay-gradient":""},"tablet":{"background-color":"var(--ast-global-color-5)","background-image":"","background-repeat":"repeat","background-position":"center center","background-size":"auto","background-attachment":"scroll","background-type":"","background-media":"","overlay-type":"","overlay-color":"","overlay-opacity":"","overlay-gradient":""},"mobile":{"background-color":"var(--ast-global-color-5)","background-image":"","background-repeat":"repeat","background-position":"center center","background-size":"auto","background-attachment":"scroll","background-type":"","background-media":"","overlay-type":"","overlay-color":"","overlay-opacity":"","overlay-gradient":""}},"footnotes":""},"class_list":["post-2807","page","type-page","status-publish","hentry"],"_links":{"self":[{"href":"https:\/\/cns.uw.edu.pl\/index.php\/wp-json\/wp\/v2\/pages\/2807","targetHints":{"allow":["GET"]}}],"collection":[{"href":"https:\/\/cns.uw.edu.pl\/index.php\/wp-json\/wp\/v2\/pages"}],"about":[{"href":"https:\/\/cns.uw.edu.pl\/index.php\/wp-json\/wp\/v2\/types\/page"}],"author":[{"embeddable":true,"href":"https:\/\/cns.uw.edu.pl\/index.php\/wp-json\/wp\/v2\/users\/1"}],"replies":[{"embeddable":true,"href":"https:\/\/cns.uw.edu.pl\/index.php\/wp-json\/wp\/v2\/comments?post=2807"}],"version-history":[{"count":19,"href":"https:\/\/cns.uw.edu.pl\/index.php\/wp-json\/wp\/v2\/pages\/2807\/revisions"}],"predecessor-version":[{"id":2835,"href":"https:\/\/cns.uw.edu.pl\/index.php\/wp-json\/wp\/v2\/pages\/2807\/revisions\/2835"}],"up":[{"embeddable":true,"href":"https:\/\/cns.uw.edu.pl\/index.php\/wp-json\/wp\/v2\/pages\/10"}],"wp:attachment":[{"href":"https:\/\/cns.uw.edu.pl\/index.php\/wp-json\/wp\/v2\/media?parent=2807"}],"curies":[{"name":"wp","href":"https:\/\/api.w.org\/{rel}","templated":true}]}}