{"id":275,"date":"2024-06-28T08:30:51","date_gmt":"2024-06-28T08:30:51","guid":{"rendered":"https:\/\/holmes.cnsuw.pl\/?page_id=275"},"modified":"2026-03-18T11:05:13","modified_gmt":"2026-03-18T11:05:13","slug":"chemia-sadowa","status":"publish","type":"page","link":"https:\/\/cns.uw.edu.pl\/index.php\/studia-magisterskie\/chemia-sadowa\/","title":{"rendered":"Chemia S\u0105dowa"},"content":{"rendered":"\t\t<div data-elementor-type=\"wp-page\" data-elementor-id=\"275\" class=\"elementor elementor-275\" data-elementor-post-type=\"page\">\n\t\t\t\t<div class=\"elementor-element elementor-element-1143ed2 e-flex e-con-boxed e-con e-parent\" data-id=\"1143ed2\" data-element_type=\"container\">\n\t\t\t\t\t<div class=\"e-con-inner\">\n\t\t\t\t<div class=\"elementor-element elementor-element-138f03f elementor-cta--skin-classic elementor-animated-content elementor-bg-transform elementor-bg-transform-zoom-in elementor-widget elementor-widget-call-to-action\" data-id=\"138f03f\" data-element_type=\"widget\" data-widget_type=\"call-to-action.default\">\n\t\t\t\t<div class=\"elementor-widget-container\">\n\t\t\t\t\t\t\t<div class=\"elementor-cta\">\n\t\t\t\t\t<div class=\"elementor-cta__bg-wrapper\">\n\t\t\t\t<div class=\"elementor-cta__bg elementor-bg\" style=\"background-image: url(https:\/\/cns.uw.edu.pl\/wp-content\/uploads\/2025\/05\/Untitled-3.png);\" role=\"img\" aria-label=\"Untitled (3)\"><\/div>\n\t\t\t\t<div class=\"elementor-cta__bg-overlay\"><\/div>\n\t\t\t<\/div>\n\t\t\t\t\t\t\t<div class=\"elementor-cta__content\">\n\t\t\t\t\n\t\t\t\t\t\t\t\t\t<h2 class=\"elementor-cta__title elementor-cta__content-item elementor-content-item\">\n\t\t\t\t\t\tKryminalistyka i Nauki S\u0105dowe: Chemia S\u0105dowa\t\t\t\t\t<\/h2>\n\t\t\t\t\n\t\t\t\t\t\t\t\t\t<div class=\"elementor-cta__description elementor-cta__content-item elementor-content-item\">\n\t\t\t\t\t\tStacjonarne studia magisterskie II stopnia w CNS UW\t\t\t\t\t<\/div>\n\t\t\t\t\n\t\t\t\t\t\t\t\t\t<div class=\"elementor-cta__button-wrapper elementor-cta__content-item elementor-content-item \">\n\t\t\t\t\t<a class=\"elementor-cta__button elementor-button elementor-size-\" href=\"https:\/\/irk.uw.edu.pl\/pl\/offer\/PELNE2026\/programme\/S2-KNS-FS\/?from=field:P_KNS-FS\">\n\t\t\t\t\t\tLInk do IRK (rejestracja 2026\/2027)\t\t\t\t\t<\/a>\n\t\t\t\t\t<\/div>\n\t\t\t\t\t\t\t<\/div>\n\t\t\t\t\t\t<\/div>\n\t\t\t\t\t\t<\/div>\n\t\t\t\t<\/div>\n\t\t\t\t\t<\/div>\n\t\t\t\t<\/div>\n\t\t<div class=\"elementor-element elementor-element-3c9b51b e-flex e-con-boxed e-con e-parent\" data-id=\"3c9b51b\" data-element_type=\"container\">\n\t\t\t\t\t<div class=\"e-con-inner\">\n\t\t\t\t<div class=\"elementor-element elementor-element-37ec37f elementor-widget elementor-widget-text-editor\" data-id=\"37ec37f\" data-element_type=\"widget\" data-widget_type=\"text-editor.default\">\n\t\t\t\t<div class=\"elementor-widget-container\">\n\t\t\t\t\t\t\t\t\t<h3><span style=\"color: #333333;\"><strong>Opis kierunku<\/strong><\/span><\/h3><p><span style=\"color: #333333;\">Kierunek &#8220;Kryminalistyka i Nauki S\u0105dowe w zakresie chemia s\u0105dowa&#8221; na Uniwersytecie Warszawskim to interdyscyplinarny program studi\u00f3w drugiego stopnia, kt\u00f3ry \u0142\u0105czy wiedz\u0119 z zakresu chemii, fizyki, prawa oraz nauk s\u0105dowych. Program ma na celu wyposa\u017cenie student\u00f3w w umiej\u0119tno\u015bci niezb\u0119dne do prowadzenia zaawansowanych bada\u0144 kryminalistycznych oraz analizy dowod\u00f3w fizykochemicznych. Dzi\u0119ki wsp\u00f3\u0142pracy z pi\u0119cioma wydzia\u0142ami UW oraz zaj\u0119ciom prowadzonym przez ekspert\u00f3w zewn\u0119trznych, studenci zdobywaj\u0105 zar\u00f3wno teoretyczn\u0105, jak i praktyczn\u0105 wiedz\u0119, kt\u00f3ra umo\u017cliwia im prac\u0119 w laboratoriach policyjnych, prywatnych laboratoriach kryminalistycznych, firmach farmaceutycznych, pracowniach medycyny s\u0105dowej, a tak\u017ce w o\u015brodkach specjalizuj\u0105cych si\u0119 w badaniach lek\u00f3w, suplement\u00f3w, dopingu i dzie\u0142 sztuki.<\/span><\/p><p><span style=\"color: #333333;\">W razie pyta\u0144 lub w\u0105tpliwosci co do procesu rekrutacyjnego albo programu studi\u00f3w, zapraszamy do kontaktu z sekretariatem: tel.: 22 55 26 696<\/span><br \/><span style=\"color: #333333;\">email:<\/span>\u00a0<a href=\"mailto:dziekanat.cns@uw.edu.pl\">dziekanat.cns@uw.edu.pl<\/a><\/p>\t\t\t\t\t\t\t\t<\/div>\n\t\t\t\t<\/div>\n\t\t\t\t\t<\/div>\n\t\t\t\t<\/div>\n\t\t<div class=\"elementor-element elementor-element-246c825 e-grid e-con-boxed e-con e-parent\" data-id=\"246c825\" data-element_type=\"container\">\n\t\t\t\t\t<div class=\"e-con-inner\">\n\t\t\t\t<div class=\"elementor-element elementor-element-0ce943a elementor-widget elementor-widget-text-editor\" data-id=\"0ce943a\" data-element_type=\"widget\" data-widget_type=\"text-editor.default\">\n\t\t\t\t<div class=\"elementor-widget-container\">\n\t\t\t\t\t\t\t\t\t<h3><strong>Program studi\u00f3w<\/strong><\/h3><p><span style=\"color: #333333;\">Program studi\u00f3w na kierunku &#8220;Kryminalistyka i Nauki S\u0105dowe w zakresie chemia s\u0105dowa&#8221; obejmuje cztery semestry, w trakcie kt\u00f3rych studenci musz\u0105 zdoby\u0107 120 punkt\u00f3w ECTS. Program jest podzielony na przedmioty obowi\u0105zkowe i fakultatywne, z naciskiem na metodologi\u0119 bada\u0144 kryminalistycznych oraz techniki laboratoryjne zaadaptowane z chemii i fizyki. Przyk\u0142adowe przedmioty to &#8220;Kryminalistyka og\u00f3lna&#8221;, &#8220;Techniki cyfrowej rekonstrukcji z uwzgl\u0119dnieniem \u015blad\u00f3w fizykochemicznych&#8221; oraz &#8220;Analiza \u015blad\u00f3w krwawych&#8221;. Studenci bior\u0105 r\u00f3wnie\u017c udzia\u0142 w zaj\u0119ciach praktycznych, takich jak warsztaty terenowe, laboratoria oraz seminaria dyplomowe, co zapewnia wszechstronne przygotowanie do pracy zawodowej. Program studi\u00f3w jest realizowany we wsp\u00f3\u0142pracy z pi\u0119cioma wydzia\u0142ami UW oraz ekspertami z zewn\u0119trznych instytucji, co gwarantuje interdyscyplinarne podej\u015bcie i wysoki poziom nauczania.<\/span><\/p><p><span style=\"color: #0000ff;\"><a style=\"color: #0000ff;\" href=\"https:\/\/cns.uw.edu.pl\/wp-content\/uploads\/2026\/03\/Informator-2026-CHS-CNS.pdf\">Informacje o programie i opis studi\u00f3w (plik do pobrania)<\/a><\/span><\/p>\t\t\t\t\t\t\t\t<\/div>\n\t\t\t\t<\/div>\n\t\t\t\t<div class=\"elementor-element elementor-element-10e0eef elementor-widget elementor-widget-image\" data-id=\"10e0eef\" data-element_type=\"widget\" data-widget_type=\"image.default\">\n\t\t\t\t<div class=\"elementor-widget-container\">\n\t\t\t\t\t\t\t\t\t\t\t\t\t\t\t<img decoding=\"async\" src=\"https:\/\/cns.uw.edu.pl\/wp-content\/uploads\/elementor\/thumbs\/Untitled-2-r5v5gelt7pngqld7u8oi9h47uxcuoe8d2m7y06au7k.png\" title=\"Untitled (2)\" alt=\"Untitled (2)\" loading=\"lazy\" \/>\t\t\t\t\t\t\t\t\t\t\t\t\t\t\t<\/div>\n\t\t\t\t<\/div>\n\t\t\t\t\t<\/div>\n\t\t\t\t<\/div>\n\t\t<div class=\"elementor-element elementor-element-97b6ee1 e-flex e-con-boxed e-con e-parent\" data-id=\"97b6ee1\" data-element_type=\"container\">\n\t\t\t\t\t<div class=\"e-con-inner\">\n\t\t\t\t<div class=\"elementor-element elementor-element-edc7c1e elementor-widget elementor-widget-text-editor\" data-id=\"edc7c1e\" data-element_type=\"widget\" data-widget_type=\"text-editor.default\">\n\t\t\t\t<div class=\"elementor-widget-container\">\n\t\t\t\t\t\t\t\t\t<h3><span style=\"color: #333333;\"><strong>Post\u0119powanie rekrutacyjne<\/strong><\/span><\/h3><p><span style=\"color: #333333;\"><b>Rekrutacja sk\u0142ada si\u0119 z dw\u00f3ch etap\u00f3w.<\/b><\/span><\/p><p><span style=\"color: #333333;\">Lista rankingowa w<b>\u00a0I etapie<\/b>\u00a0kwalifikacji tworzona jest na podstawie punkt\u00f3w otrzymanych za:<\/span><\/p><ul><li><span style=\"color: #333333;\">\u015bredni\u0105 ocen uzyskanych w toku studi\u00f3w wy\u017cszych, \u015brednia ze studi\u00f3w x 8 = liczba punkt\u00f3w, maksymalnie mo\u017cna uzyska\u0107 do 40 pkt. (np. \u015brednia ze studi\u00f3w 4,0 x 8 = 32 pkt. itd.).<\/span><\/li><li><span style=\"color: #333333;\">dotychczasow\u0105 aktywno\u015b\u0107 naukow\u0105 \u2013 w postaci publikacji z zakresu kryminalistyki lub dziedzin pokrewnych w tym biologii i genetyki s\u0105dowej (po 2 pkt. za publikacj\u0119), udzia\u0142u w konferencjach naukowych (po 1 pkt. za czynny udzia\u0142 w konferencji mi\u0119dzynarodowej, po 0,5 pkt. za czynny udzia\u0142 w konferencji krajowej) lub innych osi\u0105gni\u0119\u0107 naukowych (np. nagrody; po 0,5 pkt. za ka\u017cde udokumentowane osi\u0105gni\u0119cie). Maksymalnie mo\u017cna uzyska\u0107 10 pkt.<\/span><\/li><\/ul><p><span style=\"color: #333333;\">W tym celu kandydat powinien przedstawi\u0107 dokument: \u201eDotychczasowa aktywno\u015b\u0107 naukowa\u201d, stanowi\u0105cy wykaz ewentualnych publikacji kandydata z zakresu kryminalistyki i dziedzin pokrewnych, konferencji lub szkole\u0144, w jakich uczestniczy\u0142 lub innych osi\u0105gni\u0119\u0107 naukowych.<\/span><\/p><p><span style=\"color: #333333;\">Do\u00a0<b>II etapu<\/b>\u00a0rekrutacji przyst\u0119puj\u0105 osoby, kt\u00f3re uzyska\u0142y najwy\u017csz\u0105 liczb\u0119 punkt\u00f3w.<\/span><\/p><p><span style=\"color: #333333;\">Drugim etapem rekrutacji jest rozmowa kwalifikacyjna prowadzona w j\u0119zyku polskim.<\/span><br \/><span style=\"color: #333333;\">W trakcie rozmowy sprawdzana jest og\u00f3lna orientacja kandydata w zagadnieniach zwi\u0105zanych z kryminalistyk\u0105 oraz biologi\u0105, w tym genetyk\u0105. Nieobecno\u015b\u0107 kandydata na rozmowie kwalifikacyjnej wyklucza go z post\u0119powania rekrutacyjnego.<\/span><\/p><p><strong><a href=\"https:\/\/cns.uw.edu.pl\/wp-content\/uploads\/2024\/07\/zagadnienia-chemia-sadowa.pdf\">Lista zagadnie\u0144 poruszanych w trakcie rozm\u00f3w kwalifikacyjnych (do pobrania)<\/a><\/strong><\/p><p><span style=\"color: #333333;\">Po rozmowie kwalifikacyjnej sporz\u0105dzona zostaje ostateczna lista rankingowa. O przyj\u0119ciu na studia decyduje miejsce na li\u015bcie rankingowej, utworzonej na podstawie ostatecznych wynik\u00f3w rekrutacji.<\/span><\/p>\t\t\t\t\t\t\t\t<\/div>\n\t\t\t\t<\/div>\n\t\t\t\t\t<\/div>\n\t\t\t\t<\/div>\n\t\t<div class=\"elementor-element elementor-element-6b3ceeb e-flex e-con-boxed e-con e-parent\" data-id=\"6b3ceeb\" data-element_type=\"container\">\n\t\t\t\t\t<div class=\"e-con-inner\">\n\t\t\t\t<div class=\"elementor-element elementor-element-63e9901 elementor-widget-divider--view-line elementor-widget elementor-widget-divider\" data-id=\"63e9901\" data-element_type=\"widget\" data-widget_type=\"divider.default\">\n\t\t\t\t<div class=\"elementor-widget-container\">\n\t\t\t\t\t\t\t<div class=\"elementor-divider\">\n\t\t\t<span class=\"elementor-divider-separator\">\n\t\t\t\t\t\t<\/span>\n\t\t<\/div>\n\t\t\t\t\t\t<\/div>\n\t\t\t\t<\/div>\n\t\t\t\t<div class=\"elementor-element elementor-element-b4db0c5 elementor-widget elementor-widget-spacer\" data-id=\"b4db0c5\" data-element_type=\"widget\" data-widget_type=\"spacer.default\">\n\t\t\t\t<div class=\"elementor-widget-container\">\n\t\t\t\t\t\t\t<div class=\"elementor-spacer\">\n\t\t\t<div class=\"elementor-spacer-inner\"><\/div>\n\t\t<\/div>\n\t\t\t\t\t\t<\/div>\n\t\t\t\t<\/div>\n\t\t\t\t\t<\/div>\n\t\t\t\t<\/div>\n\t\t\t\t<\/div>\n\t\t","protected":false},"excerpt":{"rendered":"<p>Kryminalistyka i Nauki S\u0105dowe: Chemia S\u0105dowa Stacjonarne studia magisterskie II stopnia w CNS UW LInk do IRK (rejestracja 2026\/2027) Opis [&hellip;]<\/p>\n","protected":false},"author":1,"featured_media":0,"parent":21,"menu_order":0,"comment_status":"closed","ping_status":"closed","template":"","meta":{"site-sidebar-layout":"no-sidebar","site-content-layout":"","ast-site-content-layout":"full-width-container","site-content-style":"default","site-sidebar-style":"default","ast-global-header-display":"","ast-banner-title-visibility":"","ast-main-header-display":"","ast-hfb-above-header-display":"","ast-hfb-below-header-display":"","ast-hfb-mobile-header-display":"","site-post-title":"disabled","ast-breadcrumbs-content":"","ast-featured-img":"disabled","footer-sml-layout":"","theme-transparent-header-meta":"","adv-header-id-meta":"","stick-header-meta":"","header-above-stick-meta":"","header-main-stick-meta":"","header-below-stick-meta":"","astra-migrate-meta-layouts":"default","ast-page-background-enabled":"default","ast-page-background-meta":{"desktop":{"background-color":"var(--ast-global-color-4)","background-image":"","background-repeat":"repeat","background-position":"center center","background-size":"auto","background-attachment":"scroll","background-type":"","background-media":"","overlay-type":"","overlay-color":"","overlay-opacity":"","overlay-gradient":""},"tablet":{"background-color":"","background-image":"","background-repeat":"repeat","background-position":"center center","background-size":"auto","background-attachment":"scroll","background-type":"","background-media":"","overlay-type":"","overlay-color":"","overlay-opacity":"","overlay-gradient":""},"mobile":{"background-color":"","background-image":"","background-repeat":"repeat","background-position":"center center","background-size":"auto","background-attachment":"scroll","background-type":"","background-media":"","overlay-type":"","overlay-color":"","overlay-opacity":"","overlay-gradient":""}},"ast-content-background-meta":{"desktop":{"background-color":"var(--ast-global-color-5)","background-image":"","background-repeat":"repeat","background-position":"center center","background-size":"auto","background-attachment":"scroll","background-type":"","background-media":"","overlay-type":"","overlay-color":"","overlay-opacity":"","overlay-gradient":""},"tablet":{"background-color":"var(--ast-global-color-5)","background-image":"","background-repeat":"repeat","background-position":"center center","background-size":"auto","background-attachment":"scroll","background-type":"","background-media":"","overlay-type":"","overlay-color":"","overlay-opacity":"","overlay-gradient":""},"mobile":{"background-color":"var(--ast-global-color-5)","background-image":"","background-repeat":"repeat","background-position":"center center","background-size":"auto","background-attachment":"scroll","background-type":"","background-media":"","overlay-type":"","overlay-color":"","overlay-opacity":"","overlay-gradient":""}},"footnotes":""},"class_list":["post-275","page","type-page","status-publish","hentry"],"_links":{"self":[{"href":"https:\/\/cns.uw.edu.pl\/index.php\/wp-json\/wp\/v2\/pages\/275","targetHints":{"allow":["GET"]}}],"collection":[{"href":"https:\/\/cns.uw.edu.pl\/index.php\/wp-json\/wp\/v2\/pages"}],"about":[{"href":"https:\/\/cns.uw.edu.pl\/index.php\/wp-json\/wp\/v2\/types\/page"}],"author":[{"embeddable":true,"href":"https:\/\/cns.uw.edu.pl\/index.php\/wp-json\/wp\/v2\/users\/1"}],"replies":[{"embeddable":true,"href":"https:\/\/cns.uw.edu.pl\/index.php\/wp-json\/wp\/v2\/comments?post=275"}],"version-history":[{"count":55,"href":"https:\/\/cns.uw.edu.pl\/index.php\/wp-json\/wp\/v2\/pages\/275\/revisions"}],"predecessor-version":[{"id":3001,"href":"https:\/\/cns.uw.edu.pl\/index.php\/wp-json\/wp\/v2\/pages\/275\/revisions\/3001"}],"up":[{"embeddable":true,"href":"https:\/\/cns.uw.edu.pl\/index.php\/wp-json\/wp\/v2\/pages\/21"}],"wp:attachment":[{"href":"https:\/\/cns.uw.edu.pl\/index.php\/wp-json\/wp\/v2\/media?parent=275"}],"curies":[{"name":"wp","href":"https:\/\/api.w.org\/{rel}","templated":true}]}}