{"id":273,"date":"2024-06-28T08:30:34","date_gmt":"2024-06-28T08:30:34","guid":{"rendered":"https:\/\/holmes.cnsuw.pl\/?page_id=273"},"modified":"2026-03-18T11:05:40","modified_gmt":"2026-03-18T11:05:40","slug":"biologia-sadowa","status":"publish","type":"page","link":"https:\/\/cns.uw.edu.pl\/index.php\/studia-magisterskie\/biologia-sadowa\/","title":{"rendered":"Biologia i Genetyka S\u0105dowa"},"content":{"rendered":"\t\t<div data-elementor-type=\"wp-page\" data-elementor-id=\"273\" class=\"elementor elementor-273\" data-elementor-post-type=\"page\">\n\t\t\t\t<div class=\"elementor-element elementor-element-e1c1679 e-flex e-con-boxed e-con e-parent\" data-id=\"e1c1679\" data-element_type=\"container\">\n\t\t\t\t\t<div class=\"e-con-inner\">\n\t\t\t\t<div class=\"elementor-element elementor-element-d44c897 elementor-cta--skin-classic elementor-animated-content elementor-bg-transform elementor-bg-transform-zoom-in elementor-widget elementor-widget-call-to-action\" data-id=\"d44c897\" data-element_type=\"widget\" data-widget_type=\"call-to-action.default\">\n\t\t\t\t<div class=\"elementor-widget-container\">\n\t\t\t\t\t\t\t<div class=\"elementor-cta\">\n\t\t\t\t\t<div class=\"elementor-cta__bg-wrapper\">\n\t\t\t\t<div class=\"elementor-cta__bg elementor-bg\" style=\"background-image: url(https:\/\/cns.uw.edu.pl\/wp-content\/uploads\/2024\/07\/Bez-nazwy-7-e1719917400285-768x361.jpg);\" role=\"img\" aria-label=\"Bez nazwy (7)\"><\/div>\n\t\t\t\t<div class=\"elementor-cta__bg-overlay\"><\/div>\n\t\t\t<\/div>\n\t\t\t\t\t\t\t<div class=\"elementor-cta__content\">\n\t\t\t\t\n\t\t\t\t\t\t\t\t\t<h2 class=\"elementor-cta__title elementor-cta__content-item elementor-content-item\">\n\t\t\t\t\t\tKryminalistyka i Nauki S\u0105dowe: Biologia i Genetyka S\u0105dowa\t\t\t\t\t<\/h2>\n\t\t\t\t\n\t\t\t\t\t\t\t\t\t<div class=\"elementor-cta__description elementor-cta__content-item elementor-content-item\">\n\t\t\t\t\t\tStacjonarne studia magisterskie II stopnia w CNS UW\t\t\t\t\t<\/div>\n\t\t\t\t\n\t\t\t\t\t\t\t\t\t<div class=\"elementor-cta__button-wrapper elementor-cta__content-item elementor-content-item \">\n\t\t\t\t\t<a class=\"elementor-cta__button elementor-button elementor-size-\" href=\"https:\/\/irk.uw.edu.pl\/pl\/offer\/PELNE2026\/programme\/S2-KNS-BG\/?from=field:P_KNS-BG\">\n\t\t\t\t\t\tLInk do IRK (rejestracja 2026\/2027)\t\t\t\t\t<\/a>\n\t\t\t\t\t<\/div>\n\t\t\t\t\t\t\t<\/div>\n\t\t\t\t\t\t<\/div>\n\t\t\t\t\t\t<\/div>\n\t\t\t\t<\/div>\n\t\t\t\t\t<\/div>\n\t\t\t\t<\/div>\n\t\t<div class=\"elementor-element elementor-element-d5cdcef e-flex e-con-boxed e-con e-parent\" data-id=\"d5cdcef\" data-element_type=\"container\">\n\t\t\t\t\t<div class=\"e-con-inner\">\n\t\t\t\t<div class=\"elementor-element elementor-element-424bc71 elementor-widget elementor-widget-text-editor\" data-id=\"424bc71\" data-element_type=\"widget\" data-widget_type=\"text-editor.default\">\n\t\t\t\t<div class=\"elementor-widget-container\">\n\t\t\t\t\t\t\t\t\t<h3><span style=\"color: #333333;\"><strong>Opis kierunku<\/strong><\/span><\/h3><p><span style=\"color: #333333;\">Kierunek Kryminalistyka i Nauki S\u0105dowe w zakresie biologia i genetyka s\u0105dowa jest przeznaczony dla absolwent\u00f3w studi\u00f3w licencjackich i magisterskich z zakresu biologii oraz dziedzin pokrewnych. Program studi\u00f3w koncentruje si\u0119 na metodach ujawniania, zabezpieczania i analizy r\u00f3\u017cnorodnych \u015blad\u00f3w i dowod\u00f3w rzeczowych, ze szczeg\u00f3lnym uwzgl\u0119dnieniem bada\u0144 DNA. Studenci zdob\u0119d\u0105 wiedz\u0119 z pe\u0142nego spektrum nauk biologicznych stosowanych w praktyce kryminalistycznej, obejmuj\u0105cych taktyk\u0119 i strategi\u0119 kryminalistyczn\u0105, a tak\u017ce aspekty prawne i psychologiczne zwi\u0105zane z prowadzeniem \u015bledztw i proces\u00f3w s\u0105dowych. Interdyscyplinarny charakter studi\u00f3w, wsp\u00f3\u0142praca z ekspertami zewn\u0119trznymi oraz praktyczne zaj\u0119cia laboratoryjne przygotuj\u0105 absolwent\u00f3w do pracy w laboratoriach kryminalistycznych, firmach farmaceutycznych, medycynie s\u0105dowej oraz organach \u015bcigania.<\/span><\/p><p><span style=\"color: #333333;\">W razie pyta\u0144 lub w\u0105tpliwosci co do procesu rekrutacyjnego albo programu studi\u00f3w, zapraszamy do kontaktu z sekretariatem: tel.: 22 55 26 696<\/span><br \/><span style=\"color: #333333;\">email:<\/span>\u00a0<a href=\"mailto:dziekanat.cns@uw.edu.pl\">dziekanat.cns@uw.edu.pl<\/a><\/p>\t\t\t\t\t\t\t\t<\/div>\n\t\t\t\t<\/div>\n\t\t\t\t\t<\/div>\n\t\t\t\t<\/div>\n\t\t<div class=\"elementor-element elementor-element-5331bb8 e-grid e-con-boxed e-con e-parent\" data-id=\"5331bb8\" data-element_type=\"container\">\n\t\t\t\t\t<div class=\"e-con-inner\">\n\t\t\t\t<div class=\"elementor-element elementor-element-e79d954 elementor-widget elementor-widget-text-editor\" data-id=\"e79d954\" data-element_type=\"widget\" data-widget_type=\"text-editor.default\">\n\t\t\t\t<div class=\"elementor-widget-container\">\n\t\t\t\t\t\t\t\t\t<h3><strong><span style=\"color: #333333;\">Program studi\u00f3w<\/span><\/strong><\/h3><div><div class=\"flex flex-grow flex-col max-w-full\"><div class=\"min-h-[20px] text-message flex flex-col items-start whitespace-pre-wrap break-words [.text-message+&amp;]:mt-5 juice:w-full juice:items-end overflow-x-auto gap-2\" dir=\"auto\" data-message-author-role=\"assistant\" data-message-id=\"ed40238a-c881-448e-90ae-7a0f89c27c91\"><div class=\"flex w-full flex-col gap-1 juice:empty:hidden juice:first:pt-[3px]\"><div class=\"markdown prose w-full break-words dark:prose-invert light\"><p><span style=\"color: #333333;\">Program studi\u00f3w na kierunku Kryminalistyka i Nauki S\u0105dowe w zakresie biologia i genetyka s\u0105dowa obejmuje szeroki zakres przedmiot\u00f3w obowi\u0105zkowych i fakultatywnych, kt\u00f3re zapewniaj\u0105 kompleksowe wykszta\u0142cenie w dziedzinie kryminalistyki. W trakcie czterech semestr\u00f3w studenci zg\u0142\u0119biaj\u0105 takie zagadnienia jak genetyka kryminalistyczna, techniki biologii molekularnej, toksykologia biologiczna, analiza \u015blad\u00f3w krwawych oraz interpretacja biologicznego materia\u0142u dowodowego. Zaj\u0119cia prowadzone s\u0105 zar\u00f3wno teoretycznie, jak i praktycznie, w tym r\u00f3wnie\u017c w formie laboratori\u00f3w i warsztat\u00f3w terenowych. Studia maj\u0105 charakter interdyscyplinarny, realizowane s\u0105 we wsp\u00f3\u0142pracy z pi\u0119cioma wydzia\u0142ami Uniwersytetu Warszawskiego oraz ekspertami zewn\u0119trznymi, co umo\u017cliwia studentom zdobycie wszechstronnej wiedzy i umiej\u0119tno\u015bci praktycznych, kt\u00f3re b\u0119d\u0105 mog\u0142y by\u0107 wykorzystane w przysz\u0142ej pracy zawodowej.<\/span><\/p><p><span style=\"color: #0000ff;\"><a style=\"color: #0000ff;\" href=\"https:\/\/cns.uw.edu.pl\/wp-content\/uploads\/2026\/03\/Informator-2026-BG-CNS.pdf\">Informacje o programie i opis studi\u00f3w (plik do pobrania)<\/a><\/span><\/p><\/div><\/div><\/div><\/div><\/div>\t\t\t\t\t\t\t\t<\/div>\n\t\t\t\t<\/div>\n\t\t\t\t<div class=\"elementor-element elementor-element-b2e9356 elementor-widget elementor-widget-image\" data-id=\"b2e9356\" data-element_type=\"widget\" data-widget_type=\"image.default\">\n\t\t\t\t<div class=\"elementor-widget-container\">\n\t\t\t\t\t\t\t\t\t\t\t\t\t\t\t<img decoding=\"async\" src=\"https:\/\/cns.uw.edu.pl\/wp-content\/uploads\/elementor\/thumbs\/Untitled-4-r5v5l8hyc29iegcmmtuhkr8hr7jr8eepeiwrsd508g.png\" title=\"Untitled (4)\" alt=\"Untitled (4)\" loading=\"lazy\" \/>\t\t\t\t\t\t\t\t\t\t\t\t\t\t\t<\/div>\n\t\t\t\t<\/div>\n\t\t\t\t\t<\/div>\n\t\t\t\t<\/div>\n\t\t<div class=\"elementor-element elementor-element-9a25edc e-flex e-con-boxed e-con e-parent\" data-id=\"9a25edc\" data-element_type=\"container\">\n\t\t\t\t\t<div class=\"e-con-inner\">\n\t\t\t\t<div class=\"elementor-element elementor-element-dee95cd elementor-widget elementor-widget-text-editor\" data-id=\"dee95cd\" data-element_type=\"widget\" data-widget_type=\"text-editor.default\">\n\t\t\t\t<div class=\"elementor-widget-container\">\n\t\t\t\t\t\t\t\t\t<h3><span style=\"color: #333333;\"><strong>Postepowanie rekrutacyjne<\/strong><\/span><\/h3><p><span style=\"color: #333333;\"><b>Rekrutacja sk\u0142ada si\u0119 z dw\u00f3ch etap\u00f3w.<\/b><\/span><\/p><p><span style=\"color: #333333;\">Lista rankingowa w<b>\u00a0I etapie<\/b>\u00a0kwalifikacji tworzona jest na podstawie punkt\u00f3w otrzymanych za:<\/span><\/p><ul><li><span style=\"color: #333333;\">\u015bredni\u0105 ocen uzyskanych w toku studi\u00f3w wy\u017cszych, \u015brednia ze studi\u00f3w x 8 = liczba punkt\u00f3w, maksymalnie mo\u017cna uzyska\u0107 do 40 pkt. (np. \u015brednia ze studi\u00f3w 4,0 x 8 = 32 pkt. itd.).<\/span><\/li><li><span style=\"color: #333333;\">dotychczasow\u0105 aktywno\u015b\u0107 naukow\u0105 \u2013 w postaci publikacji z zakresu kryminalistyki lub dziedzin pokrewnych w tym biologii i genetyki s\u0105dowej (po 2 pkt. za publikacj\u0119), udzia\u0142u w konferencjach naukowych (po 1 pkt. za czynny udzia\u0142 w konferencji mi\u0119dzynarodowej, po 0,5 pkt. za czynny udzia\u0142 w konferencji krajowej) lub innych osi\u0105gni\u0119\u0107 naukowych (np. nagrody; po 0,5 pkt. za ka\u017cde udokumentowane osi\u0105gni\u0119cie). Maksymalnie mo\u017cna uzyska\u0107 10 pkt.<\/span><\/li><\/ul><p><span style=\"color: #333333;\">W tym celu kandydat powinien przedstawi\u0107 dokument: \u201eDotychczasowa aktywno\u015b\u0107 naukowa\u201d, stanowi\u0105cy wykaz ewentualnych publikacji kandydata z zakresu kryminalistyki i dziedzin pokrewnych, konferencji lub szkole\u0144, w jakich uczestniczy\u0142 lub innych osi\u0105gni\u0119\u0107 naukowych.<\/span><\/p><p><span style=\"color: #333333;\">Do\u00a0<b>II etapu<\/b>\u00a0rekrutacji przyst\u0119puj\u0105 osoby, kt\u00f3re uzyska\u0142y najwy\u017csz\u0105 liczb\u0119 punkt\u00f3w.<\/span><\/p><p><span style=\"color: #333333;\">Drugim etapem rekrutacji jest rozmowa kwalifikacyjna prowadzona w j\u0119zyku polskim.<\/span><br \/><span style=\"color: #333333;\">W trakcie rozmowy sprawdzana jest og\u00f3lna orientacja kandydata w zagadnieniach zwi\u0105zanych z kryminalistyk\u0105 oraz biologi\u0105, w tym genetyk\u0105. Nieobecno\u015b\u0107 kandydata na rozmowie kwalifikacyjnej wyklucza go z post\u0119powania rekrutacyjnego.<\/span><\/p><p><strong><a href=\"https:\/\/cns.uw.edu.pl\/wp-content\/uploads\/2024\/07\/zagadnienia-biologia-i-genetyka-sadowa.pdf\">Lista zagadnie\u0144 poruszanych w trakcie rozm\u00f3w kwalifikacyjnych (do pobrania)<\/a><\/strong><\/p><p><span style=\"color: #333333;\">Po rozmowie kwalifikacyjnej sporz\u0105dzona zostaje ostateczna lista rankingowa. O przyj\u0119ciu na studia decyduje miejsce na li\u015bcie rankingowej, utworzonej na podstawie ostatecznych wynik\u00f3w rekrutacji.<\/span><\/p>\t\t\t\t\t\t\t\t<\/div>\n\t\t\t\t<\/div>\n\t\t\t\t\t<\/div>\n\t\t\t\t<\/div>\n\t\t\t\t<\/div>\n\t\t","protected":false},"excerpt":{"rendered":"<p>Kryminalistyka i Nauki S\u0105dowe: Biologia i Genetyka S\u0105dowa Stacjonarne studia magisterskie II stopnia w CNS UW LInk do IRK (rejestracja [&hellip;]<\/p>\n","protected":false},"author":1,"featured_media":0,"parent":21,"menu_order":0,"comment_status":"closed","ping_status":"closed","template":"","meta":{"site-sidebar-layout":"no-sidebar","site-content-layout":"","ast-site-content-layout":"full-width-container","site-content-style":"default","site-sidebar-style":"default","ast-global-header-display":"","ast-banner-title-visibility":"","ast-main-header-display":"","ast-hfb-above-header-display":"","ast-hfb-below-header-display":"","ast-hfb-mobile-header-display":"","site-post-title":"disabled","ast-breadcrumbs-content":"","ast-featured-img":"disabled","footer-sml-layout":"","theme-transparent-header-meta":"","adv-header-id-meta":"","stick-header-meta":"","header-above-stick-meta":"","header-main-stick-meta":"","header-below-stick-meta":"","astra-migrate-meta-layouts":"default","ast-page-background-enabled":"default","ast-page-background-meta":{"desktop":{"background-color":"var(--ast-global-color-4)","background-image":"","background-repeat":"repeat","background-position":"center center","background-size":"auto","background-attachment":"scroll","background-type":"","background-media":"","overlay-type":"","overlay-color":"","overlay-opacity":"","overlay-gradient":""},"tablet":{"background-color":"","background-image":"","background-repeat":"repeat","background-position":"center center","background-size":"auto","background-attachment":"scroll","background-type":"","background-media":"","overlay-type":"","overlay-color":"","overlay-opacity":"","overlay-gradient":""},"mobile":{"background-color":"","background-image":"","background-repeat":"repeat","background-position":"center center","background-size":"auto","background-attachment":"scroll","background-type":"","background-media":"","overlay-type":"","overlay-color":"","overlay-opacity":"","overlay-gradient":""}},"ast-content-background-meta":{"desktop":{"background-color":"var(--ast-global-color-5)","background-image":"","background-repeat":"repeat","background-position":"center center","background-size":"auto","background-attachment":"scroll","background-type":"","background-media":"","overlay-type":"","overlay-color":"","overlay-opacity":"","overlay-gradient":""},"tablet":{"background-color":"var(--ast-global-color-5)","background-image":"","background-repeat":"repeat","background-position":"center center","background-size":"auto","background-attachment":"scroll","background-type":"","background-media":"","overlay-type":"","overlay-color":"","overlay-opacity":"","overlay-gradient":""},"mobile":{"background-color":"var(--ast-global-color-5)","background-image":"","background-repeat":"repeat","background-position":"center center","background-size":"auto","background-attachment":"scroll","background-type":"","background-media":"","overlay-type":"","overlay-color":"","overlay-opacity":"","overlay-gradient":""}},"footnotes":""},"class_list":["post-273","page","type-page","status-publish","hentry"],"_links":{"self":[{"href":"https:\/\/cns.uw.edu.pl\/index.php\/wp-json\/wp\/v2\/pages\/273","targetHints":{"allow":["GET"]}}],"collection":[{"href":"https:\/\/cns.uw.edu.pl\/index.php\/wp-json\/wp\/v2\/pages"}],"about":[{"href":"https:\/\/cns.uw.edu.pl\/index.php\/wp-json\/wp\/v2\/types\/page"}],"author":[{"embeddable":true,"href":"https:\/\/cns.uw.edu.pl\/index.php\/wp-json\/wp\/v2\/users\/1"}],"replies":[{"embeddable":true,"href":"https:\/\/cns.uw.edu.pl\/index.php\/wp-json\/wp\/v2\/comments?post=273"}],"version-history":[{"count":47,"href":"https:\/\/cns.uw.edu.pl\/index.php\/wp-json\/wp\/v2\/pages\/273\/revisions"}],"predecessor-version":[{"id":3004,"href":"https:\/\/cns.uw.edu.pl\/index.php\/wp-json\/wp\/v2\/pages\/273\/revisions\/3004"}],"up":[{"embeddable":true,"href":"https:\/\/cns.uw.edu.pl\/index.php\/wp-json\/wp\/v2\/pages\/21"}],"wp:attachment":[{"href":"https:\/\/cns.uw.edu.pl\/index.php\/wp-json\/wp\/v2\/media?parent=273"}],"curies":[{"name":"wp","href":"https:\/\/api.w.org\/{rel}","templated":true}]}}