{"id":271,"date":"2024-06-28T08:30:06","date_gmt":"2024-06-28T08:30:06","guid":{"rendered":"https:\/\/holmes.cnsuw.pl\/?page_id=271"},"modified":"2026-03-18T11:04:32","modified_gmt":"2026-03-18T11:04:32","slug":"kryminalistyka-ogolna","status":"publish","type":"page","link":"https:\/\/cns.uw.edu.pl\/index.php\/studia-magisterskie\/kryminalistyka-ogolna\/","title":{"rendered":"Kryminalistyka Og\u00f3lna"},"content":{"rendered":"\t\t<div data-elementor-type=\"wp-page\" data-elementor-id=\"271\" class=\"elementor elementor-271\" data-elementor-post-type=\"page\">\n\t\t\t\t<div class=\"elementor-element elementor-element-2c796e1 e-flex e-con-boxed e-con e-parent\" data-id=\"2c796e1\" data-element_type=\"container\">\n\t\t\t\t\t<div class=\"e-con-inner\">\n\t\t\t\t<div class=\"elementor-element elementor-element-e5d647f elementor-cta--layout-image-above elementor-cta--skin-classic elementor-animated-content elementor-bg-transform elementor-bg-transform-zoom-in elementor-widget elementor-widget-call-to-action\" data-id=\"e5d647f\" data-element_type=\"widget\" data-widget_type=\"call-to-action.default\">\n\t\t\t\t<div class=\"elementor-widget-container\">\n\t\t\t\t\t\t\t<div class=\"elementor-cta\">\n\t\t\t\t\t<div class=\"elementor-cta__bg-wrapper\">\n\t\t\t\t<div class=\"elementor-cta__bg elementor-bg\" style=\"background-image: url(https:\/\/cns.uw.edu.pl\/wp-content\/uploads\/2025\/05\/Untitled-1.png);\" role=\"img\" aria-label=\"Untitled (1)\"><\/div>\n\t\t\t\t<div class=\"elementor-cta__bg-overlay\"><\/div>\n\t\t\t<\/div>\n\t\t\t\t\t\t\t<div class=\"elementor-cta__content\">\n\t\t\t\t\n\t\t\t\t\t\t\t\t\t<h2 class=\"elementor-cta__title elementor-cta__content-item elementor-content-item\">\n\t\t\t\t\t\tKryminalistyka i Nauki S\u0105dowe: Kryminalistyka Og\u00f3lna\t\t\t\t\t<\/h2>\n\t\t\t\t\n\t\t\t\t\t\t\t\t\t<div class=\"elementor-cta__description elementor-cta__content-item elementor-content-item\">\n\t\t\t\t\t\tStacjonarne studia magisterskie II stopnia w CNS UW\t\t\t\t\t<\/div>\n\t\t\t\t\n\t\t\t\t\t\t\t\t\t<div class=\"elementor-cta__button-wrapper elementor-cta__content-item elementor-content-item \">\n\t\t\t\t\t<a class=\"elementor-cta__button elementor-button elementor-size-\" href=\"https:\/\/irk.uw.edu.pl\/pl\/offer\/PELNE2026\/programme\/S2-KNS-KO\/?from=field:P_KNS-KO\">\n\t\t\t\t\t\tLInk do IRK (rejestracja 2026\/2027)\t\t\t\t\t<\/a>\n\t\t\t\t\t<\/div>\n\t\t\t\t\t\t\t<\/div>\n\t\t\t\t\t\t<\/div>\n\t\t\t\t\t\t<\/div>\n\t\t\t\t<\/div>\n\t\t\t\t\t<\/div>\n\t\t\t\t<\/div>\n\t\t<div class=\"elementor-element elementor-element-5c14a19 e-flex e-con-boxed e-con e-parent\" data-id=\"5c14a19\" data-element_type=\"container\">\n\t\t\t\t\t<div class=\"e-con-inner\">\n\t\t\t\t<div class=\"elementor-element elementor-element-f619164 elementor-widget elementor-widget-text-editor\" data-id=\"f619164\" data-element_type=\"widget\" data-widget_type=\"text-editor.default\">\n\t\t\t\t<div class=\"elementor-widget-container\">\n\t\t\t\t\t\t\t\t\t<h3><span style=\"color: #333333;\"><strong>Opis kierunku<\/strong><\/span><\/h3><p class=\"\" data-start=\"286\" data-end=\"731\"><span style=\"color: #333333;\"><strong data-start=\"286\" data-end=\"343\">Studia magisterskie w zakresie kryminalistyki og\u00f3lnej<\/strong> to dwuletni, interdyscyplinarny program stacjonarny o profilu og\u00f3lnoakademickim, prowadzony przez Centrum Nauk S\u0105dowych Uniwersytetu Warszawskiego. Program kierowany jest do os\u00f3b zainteresowanych \u015bcie\u017ck\u0105 zawodow\u0105 lub naukow\u0105 w obszarze zapobiegania, wykrywania\u00a0 i dowodzenia przest\u0119pstw oraz w obszarze analizy i interpretacji\u00a0 materia\u0142u dowodowego w sprawach karnych.<\/span><\/p><p class=\"\" data-start=\"733\" data-end=\"1186\"><span style=\"color: #333333;\">Kierunek \u0142\u0105czy wiedz\u0119 z zakresu nauk prawnych (dyscyplina wiod\u0105ca), psychologii, informatyki, biologii, chemii, matematyki i nauk medycznych. Zaj\u0119cia obejmuj\u0105 zar\u00f3wno klasyczne techniki kryminalistyczne (takie jak daktyloskopia czy traseologia,), jak i nowoczesne narz\u0119dzia informatyczne i analityczne, a tak\u017ce takie zagadnienia jak psychologia s\u0105dowa czy profilowanie geograficzne. Program ma charakter akademicki, ale jest silnie powi\u0105zany z praktyk\u0105 \u015bledcz\u0105 i procesow\u0105. Cz\u0119\u015b\u0107 zaj\u0119\u0107 stanowi\u0105 warsztaty i \u0107wiczenia terenowe oraz zaj\u0119cia w laboratoriach.<\/span><\/p><p><span style=\"color: #333333;\"><strong>Absolwenci<\/strong> tego kierunku b\u0119d\u0105 gotowi do pracy w organach \u015bcigania, laboratoriach kryminalistycznych oraz innych instytucjach opiniodawczych i dbaj\u0105cych o bezpiecze\u0144stwo pa\u0144stwa i obywateli &#8211; w tym tak\u017ce w dzia\u0142ach bezpiecze\u0144stwa podmiot\u00f3w gospodarczych.<\/span><\/p><p><span style=\"color: #333333;\">W razie pyta\u0144 lub w\u0105tpliwo\u015bci co do procesu rekrutacyjnego albo programu studi\u00f3w, zapraszamy do kontaktu z sekretariatem: tel.: 22 55 26 696<\/span><br \/><span style=\"color: #333333;\">email:\u00a0<a style=\"color: #333333;\" href=\"mailto:dziekanat.cns@uw.edu.pl\">dziekanat.cns@uw.edu.pl<\/a><\/span><\/p>\t\t\t\t\t\t\t\t<\/div>\n\t\t\t\t<\/div>\n\t\t\t\t\t<\/div>\n\t\t\t\t<\/div>\n\t\t<div class=\"elementor-element elementor-element-f6ffdf6 e-grid e-con-boxed e-con e-parent\" data-id=\"f6ffdf6\" data-element_type=\"container\">\n\t\t\t\t\t<div class=\"e-con-inner\">\n\t\t\t\t<div class=\"elementor-element elementor-element-2fb4f1f elementor-widget elementor-widget-text-editor\" data-id=\"2fb4f1f\" data-element_type=\"widget\" data-widget_type=\"text-editor.default\">\n\t\t\t\t<div class=\"elementor-widget-container\">\n\t\t\t\t\t\t\t\t\t<h3><span style=\"color: #333333;\"><strong>Program studi\u00f3w<\/strong><\/span><\/h3><div><span style=\"color: #333333;\">Program studi\u00f3w na kierunku &#8220;Kryminalistyka i Nauki S\u0105dowe w zakresie kryminalistyka og\u00f3lna&#8221; obejmuje zar\u00f3wno zaj\u0119cia teoretyczne, jak i praktyczne, realizowane w ci\u0105gu dw\u00f3ch lat (czterech semestr\u00f3w). Studenci uczestnicz\u0105 w wyk\u0142adach, \u0107wiczeniach i laboratoriach, zdobywaj\u0105c wiedz\u0119 z zakresu technik kryminalistycznych, prawa dowodowego, psychologii s\u0105dowej oraz informatyki kryminalistycznej. Program k\u0142adzie du\u017cy nacisk na nowe formy nauczania, takie jak inscenizacje miejsc zdarze\u0144, tworzenie profili psychologicznych sprawc\u00f3w, czy obrona wynik\u00f3w ekspertyz przed s\u0105dem. Studenci maj\u0105 tak\u017ce mo\u017cliwo\u015b\u0107 udzia\u0142u w zaj\u0119ciach terenowych i warsztatach praktycznych, co zapewnia im wszechstronne przygotowanie do przysz\u0142ej pracy zawodowej. Aby uko\u0144czy\u0107 studia nale\u017cy zdoby\u0107 \u0142\u0105cznie 120 punkt\u00f3w ECTS: 105 punkt\u00f3w za przedmioty obowi\u0105zkowe oraz 15 punkt\u00f3w za przedmioty do wyboru \u2013 w tym co najmniej 9 punkt\u00f3w za przedmioty fakultatywne i co najmniej 5 punkt\u00f3w za przedmioty og\u00f3lnouniwersyteckie.<\/span><\/div><div>\u00a0<\/div><p><span style=\"color: #0000ff;\"><a style=\"color: #0000ff;\" href=\"https:\/\/cns.uw.edu.pl\/wp-content\/uploads\/2026\/03\/Informator-2026-KO-CNS.pdf\">Informacje o programie i opis studi\u00f3w (plik do pobrania)<\/a><\/span><\/p><div><span style=\"color: #333333;\">\u00a0<\/span><\/div><div><span style=\"color: #333333;\">\u00a0<\/span><\/div>\t\t\t\t\t\t\t\t<\/div>\n\t\t\t\t<\/div>\n\t\t\t\t<div class=\"elementor-element elementor-element-32356d0 elementor-widget elementor-widget-image\" data-id=\"32356d0\" data-element_type=\"widget\" data-widget_type=\"image.default\">\n\t\t\t\t<div class=\"elementor-widget-container\">\n\t\t\t\t\t\t\t\t\t\t\t\t\t\t\t<img fetchpriority=\"high\" decoding=\"async\" width=\"768\" height=\"768\" src=\"https:\/\/cns.uw.edu.pl\/wp-content\/uploads\/2025\/05\/Untitled-768x768.png\" class=\"attachment-medium_large size-medium_large wp-image-2602\" alt=\"\" srcset=\"https:\/\/cns.uw.edu.pl\/wp-content\/uploads\/2025\/05\/Untitled-768x768.png 768w, https:\/\/cns.uw.edu.pl\/wp-content\/uploads\/2025\/05\/Untitled-300x300.png 300w, https:\/\/cns.uw.edu.pl\/wp-content\/uploads\/2025\/05\/Untitled-1024x1024.png 1024w, https:\/\/cns.uw.edu.pl\/wp-content\/uploads\/2025\/05\/Untitled-150x150.png 150w, https:\/\/cns.uw.edu.pl\/wp-content\/uploads\/2025\/05\/elementor\/thumbs\/Untitled-r5v5ffts6ubut0rqhbnb77w5vo49rlealu2z8xqels.png 600w, https:\/\/cns.uw.edu.pl\/wp-content\/uploads\/2025\/05\/Untitled.png 1080w\" sizes=\"(max-width: 768px) 100vw, 768px\" \/>\t\t\t\t\t\t\t\t\t\t\t\t\t\t\t<\/div>\n\t\t\t\t<\/div>\n\t\t\t\t\t<\/div>\n\t\t\t\t<\/div>\n\t\t<div class=\"elementor-element elementor-element-b569f7f e-flex e-con-boxed e-con e-parent\" data-id=\"b569f7f\" data-element_type=\"container\">\n\t\t\t\t\t<div class=\"e-con-inner\">\n\t\t\t\t<div class=\"elementor-element elementor-element-f0e2b69 elementor-widget elementor-widget-text-editor\" data-id=\"f0e2b69\" data-element_type=\"widget\" data-widget_type=\"text-editor.default\">\n\t\t\t\t<div class=\"elementor-widget-container\">\n\t\t\t\t\t\t\t\t\t<h3><span style=\"color: #333333;\"><strong>Post\u0119powanie rekrutacyjne<\/strong><\/span><\/h3><p><span style=\"color: #333333;\">Rekrutacja sk\u0142ada si\u0119 z dw\u00f3ch etap\u00f3w.<\/span><\/p><p><span style=\"color: #333333;\">Lista rankingowa w<b>\u00a0I etapie<\/b>\u00a0kwalifikacji tworzona jest na podstawie punkt\u00f3w otrzymanych za:<\/span><\/p><ul><li style=\"list-style-type: none;\"><ul><li><span style=\"color: #333333;\">\u015bredni\u0105 ocen uzyskanych w toku studi\u00f3w wy\u017cszych, \u015brednia ze studi\u00f3w x 8 = liczba punkt\u00f3w, maksymalnie mo\u017cna uzyska\u0107 do 40 pkt. (np. \u015brednia ze studi\u00f3w 4,0 x 8 = 32 pkt. itd.).<\/span><\/li><li><span style=\"color: #333333;\">dotychczasow\u0105 aktywno\u015b\u0107 naukow\u0105 \u2013 w postaci publikacji z zakresu kryminalistyki lub dziedzin pokrewnych w tym biologii i genetyki s\u0105dowej (po 2 pkt. za publikacj\u0119), udzia\u0142u w konferencjach naukowych (po 1 pkt. za czynny udzia\u0142 w konferencji mi\u0119dzynarodowej, po 0,5 pkt. za czynny udzia\u0142 w konferencji krajowej) lub innych osi\u0105gni\u0119\u0107 naukowych (np. nagrody; po 0,5 pkt. za ka\u017cde udokumentowane osi\u0105gni\u0119cie). Maksymalnie mo\u017cna uzyska\u0107 10 pkt.<\/span><\/li><\/ul><\/li><\/ul><p><span style=\"color: #333333;\">W tym celu kandydat powinien przedstawi\u0107 dokument: \u201eDotychczasowa aktywno\u015b\u0107 naukowa\u201d, stanowi\u0105cy wykaz ewentualnych publikacji kandydata z zakresu kryminalistyki i dziedzin pokrewnych, konferencji lub szkole\u0144, w jakich uczestniczy\u0142 lub innych osi\u0105gni\u0119\u0107 naukowych.<\/span><\/p><p><span style=\"color: #333333;\">Do\u00a0<b>II etapu<\/b>\u00a0rekrutacji przyst\u0119puj\u0105 osoby, kt\u00f3re uzyska\u0142y najwy\u017csz\u0105 liczb\u0119 punkt\u00f3w.<\/span><\/p><p><span style=\"color: #333333;\">Drugim etapem rekrutacji jest rozmowa kwalifikacyjna prowadzona w j\u0119zyku polskim.<\/span><br \/><span style=\"color: #333333;\">W trakcie rozmowy sprawdzana jest og\u00f3lna orientacja kandydata w zagadnieniach zwi\u0105zanych z kryminalistyk\u0105. Nieobecno\u015b\u0107 kandydata na rozmowie kwalifikacyjnej wyklucza go z post\u0119powania rekrutacyjnego.<\/span><\/p><p><strong><a href=\"https:\/\/cns.uw.edu.pl\/wp-content\/uploads\/2024\/07\/zagadnienia-kryminalistyka-ogolna.pdf\">Lista zagadnie\u0144 poruszanych na rozmowie kwalifikacyjnej (kryminalistyka og\u00f3lna) (do pobrania)<\/a><\/strong><\/p><p><span style=\"color: #333333;\">Po rozmowie kwalifikacyjnej sporz\u0105dzona zostaje ostateczna lista rankingowa. O przyj\u0119ciu na studia decyduje miejsce na li\u015bcie rankingowej, utworzonej na podstawie ostatecznych wynik\u00f3w rekrutacji.<\/span><\/p>\t\t\t\t\t\t\t\t<\/div>\n\t\t\t\t<\/div>\n\t\t\t\t<div class=\"elementor-element elementor-element-e78dfa2 elementor-widget-divider--view-line elementor-widget elementor-widget-divider\" data-id=\"e78dfa2\" data-element_type=\"widget\" data-widget_type=\"divider.default\">\n\t\t\t\t<div class=\"elementor-widget-container\">\n\t\t\t\t\t\t\t<div class=\"elementor-divider\">\n\t\t\t<span class=\"elementor-divider-separator\">\n\t\t\t\t\t\t<\/span>\n\t\t<\/div>\n\t\t\t\t\t\t<\/div>\n\t\t\t\t<\/div>\n\t\t\t\t\t<\/div>\n\t\t\t\t<\/div>\n\t\t\t\t<\/div>\n\t\t","protected":false},"excerpt":{"rendered":"<p>Kryminalistyka i Nauki S\u0105dowe: Kryminalistyka Og\u00f3lna Stacjonarne studia magisterskie II stopnia w CNS UW LInk do IRK (rejestracja 2026\/2027) Opis [&hellip;]<\/p>\n","protected":false},"author":1,"featured_media":0,"parent":21,"menu_order":0,"comment_status":"closed","ping_status":"closed","template":"","meta":{"site-sidebar-layout":"no-sidebar","site-content-layout":"","ast-site-content-layout":"full-width-container","site-content-style":"default","site-sidebar-style":"default","ast-global-header-display":"","ast-banner-title-visibility":"","ast-main-header-display":"","ast-hfb-above-header-display":"","ast-hfb-below-header-display":"","ast-hfb-mobile-header-display":"","site-post-title":"disabled","ast-breadcrumbs-content":"","ast-featured-img":"disabled","footer-sml-layout":"","theme-transparent-header-meta":"","adv-header-id-meta":"","stick-header-meta":"","header-above-stick-meta":"","header-main-stick-meta":"","header-below-stick-meta":"","astra-migrate-meta-layouts":"default","ast-page-background-enabled":"default","ast-page-background-meta":{"desktop":{"background-color":"var(--ast-global-color-4)","background-image":"","background-repeat":"repeat","background-position":"center center","background-size":"auto","background-attachment":"scroll","background-type":"","background-media":"","overlay-type":"","overlay-color":"","overlay-opacity":"","overlay-gradient":""},"tablet":{"background-color":"","background-image":"","background-repeat":"repeat","background-position":"center center","background-size":"auto","background-attachment":"scroll","background-type":"","background-media":"","overlay-type":"","overlay-color":"","overlay-opacity":"","overlay-gradient":""},"mobile":{"background-color":"","background-image":"","background-repeat":"repeat","background-position":"center center","background-size":"auto","background-attachment":"scroll","background-type":"","background-media":"","overlay-type":"","overlay-color":"","overlay-opacity":"","overlay-gradient":""}},"ast-content-background-meta":{"desktop":{"background-color":"var(--ast-global-color-5)","background-image":"","background-repeat":"repeat","background-position":"center center","background-size":"auto","background-attachment":"scroll","background-type":"","background-media":"","overlay-type":"","overlay-color":"","overlay-opacity":"","overlay-gradient":""},"tablet":{"background-color":"var(--ast-global-color-5)","background-image":"","background-repeat":"repeat","background-position":"center center","background-size":"auto","background-attachment":"scroll","background-type":"","background-media":"","overlay-type":"","overlay-color":"","overlay-opacity":"","overlay-gradient":""},"mobile":{"background-color":"var(--ast-global-color-5)","background-image":"","background-repeat":"repeat","background-position":"center center","background-size":"auto","background-attachment":"scroll","background-type":"","background-media":"","overlay-type":"","overlay-color":"","overlay-opacity":"","overlay-gradient":""}},"footnotes":""},"class_list":["post-271","page","type-page","status-publish","hentry"],"_links":{"self":[{"href":"https:\/\/cns.uw.edu.pl\/index.php\/wp-json\/wp\/v2\/pages\/271","targetHints":{"allow":["GET"]}}],"collection":[{"href":"https:\/\/cns.uw.edu.pl\/index.php\/wp-json\/wp\/v2\/pages"}],"about":[{"href":"https:\/\/cns.uw.edu.pl\/index.php\/wp-json\/wp\/v2\/types\/page"}],"author":[{"embeddable":true,"href":"https:\/\/cns.uw.edu.pl\/index.php\/wp-json\/wp\/v2\/users\/1"}],"replies":[{"embeddable":true,"href":"https:\/\/cns.uw.edu.pl\/index.php\/wp-json\/wp\/v2\/comments?post=271"}],"version-history":[{"count":58,"href":"https:\/\/cns.uw.edu.pl\/index.php\/wp-json\/wp\/v2\/pages\/271\/revisions"}],"predecessor-version":[{"id":2998,"href":"https:\/\/cns.uw.edu.pl\/index.php\/wp-json\/wp\/v2\/pages\/271\/revisions\/2998"}],"up":[{"embeddable":true,"href":"https:\/\/cns.uw.edu.pl\/index.php\/wp-json\/wp\/v2\/pages\/21"}],"wp:attachment":[{"href":"https:\/\/cns.uw.edu.pl\/index.php\/wp-json\/wp\/v2\/media?parent=271"}],"curies":[{"name":"wp","href":"https:\/\/api.w.org\/{rel}","templated":true}]}}