{"id":2192,"date":"2025-01-20T17:04:21","date_gmt":"2025-01-20T17:04:21","guid":{"rendered":"https:\/\/cns.uw.edu.pl\/?page_id=2192"},"modified":"2025-02-27T15:57:15","modified_gmt":"2025-02-27T15:57:15","slug":"wzory-pism-i-podan","status":"publish","type":"page","link":"https:\/\/cns.uw.edu.pl\/index.php\/studia-magisterskie\/wzory-pism-i-podan\/","title":{"rendered":"Wzory pism i poda\u0144"},"content":{"rendered":"\t\t<div data-elementor-type=\"wp-page\" data-elementor-id=\"2192\" class=\"elementor elementor-2192\" data-elementor-post-type=\"page\">\n\t\t\t\t<div class=\"elementor-element elementor-element-5d41d75 e-flex e-con-boxed e-con e-parent\" data-id=\"5d41d75\" data-element_type=\"container\">\n\t\t\t\t\t<div class=\"e-con-inner\">\n\t\t\t\t<div class=\"elementor-element elementor-element-f76b807 elementor-widget elementor-widget-text-editor\" data-id=\"f76b807\" data-element_type=\"widget\" data-widget_type=\"text-editor.default\">\n\t\t\t\t<div class=\"elementor-widget-container\">\n\t\t\t\t\t\t\t\t\t<h1><span style=\"color: #333333;\"><strong>Pisma i podania<\/strong><\/span><\/h1><p><span style=\"color: #333333;\"><strong>\u00a0Sprawy zwi\u0105zane z tokiem studi\u00f3w<\/strong>, zalicze\u0144 &#8211; w tym uznawania przedmiot\u00f3w za r\u00f3wnowa\u017cne (tzw. przepisanie oceny), egzamin\u00f3w komusyjnych, powtarzania etap\u00f3w, wpis\u00f3w warunkowych i urlop\u00f3w w trakcie studi\u00f3w oraz inne &#8211; s\u0105 rozpatrywane na podstawi<\/span>e\u00a0<a href=\"https:\/\/monitor.uw.edu.pl\/Lists\/Uchway\/Attachments\/4930\/M.2019.186.U.441.pdf\">Regulaminu Studi\u00f3w na Uniwersytecie Warszawskim (link)<\/a><span style=\"color: #333333;\">. W takich sprawach w\u0142a\u015bciw\u0105 drog\u0105 jest najcz\u0119\u015bciej podanie z\u0142o\u017cone do Kierownika Jednostki Dydaktycznej (KJD) &#8211; Dyrektora Centrum Nauk S\u0105dowych UW. Najodpowiedniejsz\u0105 droga sk\u0142adania poda\u0144 jest forma pisemna &#8211; podania nale\u017cy sk\u0142ada\u0107 w sekretariacie studi\u00f3w. Podania powinny by\u0107 zredagowane w spos\u00f3b jednoznaczny. W razie w\u0105tpliwo\u015bci, prosimy o kontakt z sekretariatem.<\/span><\/p><p><span style=\"color: #333333;\"><strong>W toku prowadzonych bada\u0144<\/strong> (w szczeg\u00f3lno\u015bci w przypadku bada\u0144 empirycznych realizowanych w zwi\u0105zku z przygotowywanymi pracami dyplomowymi) Dyrektor Centrum Nauk S\u0105dowych mo\u017ce potwierdza\u0107 Pa\u0144stwa zaanga\u017cowanie w badania prowadzone na Uniwersytecie Warszawskim. Poni\u017cej znajduj\u0105 si\u0119 przyk\u0142adowe wzory za\u015bwiadcze\u0144 w tych sprawach.\u00a0 Zredagowany ostatecznie dokument nale\u017cy przed\u0142o\u017cy\u0107 do podpisu Dyrektora Centrum Nauk S\u0105dowych UW przed z\u0142o\u017ceniem wniosku w odpowiedniej instytucji. Wz\u00f3r zosta\u0142 przygotowany w celu u\u0142atwienia spe\u0142nienia formalnych wymog\u00f3w zwi\u0105zanych z realizacj\u0105 bada\u0144 naukowych. Jednocze\u015bnie przypominamy, \u017ce dane do kt\u00f3rych mo\u017cecie Pa\u0144stwo uzyskiwa\u0107 dost\u0119p na podstawie prawa do informacji publicznej &#8211; nie wymagaj\u0105 takiego za\u015bwiadczenia.<\/span><\/p><ol><li style=\"list-style-type: none;\"><ol><li><span style=\"color: #333333;\"><a href=\"https:\/\/cns.uw.edu.pl\/wp-content\/uploads\/2025\/02\/Wzor-pisma-ogolnie.docx\">Wzor-pisma-og\u00f3lnie<\/a> &#8211; Wz\u00f3r za\u015bwiadczenia o przygotowywaniu pracy dyplomowej w CNS UW- wz\u00f3r og\u00f3lny (UWAGA: to nie jest za\u015bwiadczenie o statusie studenta\/studentki. W razie potrzeby uzyskania za\u015bwiadczenia o studiowaniu dla Pa\u0144stwa osobistych potrzeb urz\u0119dowych, nale\u017cy skontaktowa\u0107 si\u0119 z sekretariatem studi\u00f3w).\u00a0<\/span><\/li><li><span style=\"color: #333333;\">\u00a0<a href=\"https:\/\/cns.uw.edu.pl\/wp-content\/uploads\/2025\/01\/Wzor-pisma-do-sadu-akta.docx\">Wz\u00f3r pisma do s\u0105du &#8211; akta<\/a> &#8211; Wz\u00f3r pisma dotycz\u0105cego wnioskowania o dost\u0119p do akt spraw s\u0105dowych, kt\u00f3ry mo\u017ce by\u0107 wykorzystany w przypadku planowania bada\u0144 aktowych.<\/span><\/li><\/ol><\/li><\/ol>\t\t\t\t\t\t\t\t<\/div>\n\t\t\t\t<\/div>\n\t\t\t\t\t<\/div>\n\t\t\t\t<\/div>\n\t\t<div class=\"elementor-element elementor-element-8f85636 e-flex e-con-boxed e-con e-parent\" data-id=\"8f85636\" data-element_type=\"container\">\n\t\t\t\t\t<div class=\"e-con-inner\">\n\t\t\t\t<div class=\"elementor-element elementor-element-c4ee875 elementor-widget-divider--view-line elementor-widget elementor-widget-divider\" data-id=\"c4ee875\" data-element_type=\"widget\" data-widget_type=\"divider.default\">\n\t\t\t\t<div class=\"elementor-widget-container\">\n\t\t\t\t\t\t\t<div class=\"elementor-divider\">\n\t\t\t<span class=\"elementor-divider-separator\">\n\t\t\t\t\t\t<\/span>\n\t\t<\/div>\n\t\t\t\t\t\t<\/div>\n\t\t\t\t<\/div>\n\t\t\t\t<div class=\"elementor-element elementor-element-29223d1 elementor-widget elementor-widget-image\" data-id=\"29223d1\" data-element_type=\"widget\" data-widget_type=\"image.default\">\n\t\t\t\t<div class=\"elementor-widget-container\">\n\t\t\t\t\t\t\t\t\t\t\t\t\t\t\t<img fetchpriority=\"high\" decoding=\"async\" width=\"1920\" height=\"778\" src=\"https:\/\/cns.uw.edu.pl\/wp-content\/uploads\/2025\/02\/Untitled-e1740573312799.jpeg\" class=\"attachment-full size-full wp-image-2284\" alt=\"\" srcset=\"https:\/\/cns.uw.edu.pl\/wp-content\/uploads\/2025\/02\/Untitled-e1740573312799.jpeg 1920w, https:\/\/cns.uw.edu.pl\/wp-content\/uploads\/2025\/02\/Untitled-e1740573312799-300x122.jpeg 300w, https:\/\/cns.uw.edu.pl\/wp-content\/uploads\/2025\/02\/Untitled-e1740573312799-1024x415.jpeg 1024w, https:\/\/cns.uw.edu.pl\/wp-content\/uploads\/2025\/02\/Untitled-e1740573312799-768x311.jpeg 768w, https:\/\/cns.uw.edu.pl\/wp-content\/uploads\/2025\/02\/Untitled-e1740573312799-1536x622.jpeg 1536w\" sizes=\"(max-width: 1920px) 100vw, 1920px\" \/>\t\t\t\t\t\t\t\t\t\t\t\t\t\t\t<\/div>\n\t\t\t\t<\/div>\n\t\t\t\t\t<\/div>\n\t\t\t\t<\/div>\n\t\t\t\t<\/div>\n\t\t","protected":false},"excerpt":{"rendered":"<p>Pisma i podania \u00a0Sprawy zwi\u0105zane z tokiem studi\u00f3w, zalicze\u0144 &#8211; w tym uznawania przedmiot\u00f3w za r\u00f3wnowa\u017cne (tzw. przepisanie oceny), egzamin\u00f3w [&hellip;]<\/p>\n","protected":false},"author":1,"featured_media":0,"parent":21,"menu_order":0,"comment_status":"closed","ping_status":"closed","template":"","meta":{"site-sidebar-layout":"no-sidebar","site-content-layout":"","ast-site-content-layout":"full-width-container","site-content-style":"default","site-sidebar-style":"default","ast-global-header-display":"","ast-banner-title-visibility":"","ast-main-header-display":"","ast-hfb-above-header-display":"","ast-hfb-below-header-display":"","ast-hfb-mobile-header-display":"","site-post-title":"disabled","ast-breadcrumbs-content":"","ast-featured-img":"disabled","footer-sml-layout":"","theme-transparent-header-meta":"default","adv-header-id-meta":"","stick-header-meta":"","header-above-stick-meta":"","header-main-stick-meta":"","header-below-stick-meta":"","astra-migrate-meta-layouts":"set","ast-page-background-enabled":"default","ast-page-background-meta":{"desktop":{"background-color":"var(--ast-global-color-4)","background-image":"","background-repeat":"repeat","background-position":"center center","background-size":"auto","background-attachment":"scroll","background-type":"","background-media":"","overlay-type":"","overlay-color":"","overlay-opacity":"","overlay-gradient":""},"tablet":{"background-color":"","background-image":"","background-repeat":"repeat","background-position":"center center","background-size":"auto","background-attachment":"scroll","background-type":"","background-media":"","overlay-type":"","overlay-color":"","overlay-opacity":"","overlay-gradient":""},"mobile":{"background-color":"","background-image":"","background-repeat":"repeat","background-position":"center center","background-size":"auto","background-attachment":"scroll","background-type":"","background-media":"","overlay-type":"","overlay-color":"","overlay-opacity":"","overlay-gradient":""}},"ast-content-background-meta":{"desktop":{"background-color":"var(--ast-global-color-5)","background-image":"","background-repeat":"repeat","background-position":"center center","background-size":"auto","background-attachment":"scroll","background-type":"","background-media":"","overlay-type":"","overlay-color":"","overlay-opacity":"","overlay-gradient":""},"tablet":{"background-color":"var(--ast-global-color-5)","background-image":"","background-repeat":"repeat","background-position":"center center","background-size":"auto","background-attachment":"scroll","background-type":"","background-media":"","overlay-type":"","overlay-color":"","overlay-opacity":"","overlay-gradient":""},"mobile":{"background-color":"var(--ast-global-color-5)","background-image":"","background-repeat":"repeat","background-position":"center center","background-size":"auto","background-attachment":"scroll","background-type":"","background-media":"","overlay-type":"","overlay-color":"","overlay-opacity":"","overlay-gradient":""}},"footnotes":""},"class_list":["post-2192","page","type-page","status-publish","hentry"],"_links":{"self":[{"href":"https:\/\/cns.uw.edu.pl\/index.php\/wp-json\/wp\/v2\/pages\/2192","targetHints":{"allow":["GET"]}}],"collection":[{"href":"https:\/\/cns.uw.edu.pl\/index.php\/wp-json\/wp\/v2\/pages"}],"about":[{"href":"https:\/\/cns.uw.edu.pl\/index.php\/wp-json\/wp\/v2\/types\/page"}],"author":[{"embeddable":true,"href":"https:\/\/cns.uw.edu.pl\/index.php\/wp-json\/wp\/v2\/users\/1"}],"replies":[{"embeddable":true,"href":"https:\/\/cns.uw.edu.pl\/index.php\/wp-json\/wp\/v2\/comments?post=2192"}],"version-history":[{"count":13,"href":"https:\/\/cns.uw.edu.pl\/index.php\/wp-json\/wp\/v2\/pages\/2192\/revisions"}],"predecessor-version":[{"id":2398,"href":"https:\/\/cns.uw.edu.pl\/index.php\/wp-json\/wp\/v2\/pages\/2192\/revisions\/2398"}],"up":[{"embeddable":true,"href":"https:\/\/cns.uw.edu.pl\/index.php\/wp-json\/wp\/v2\/pages\/21"}],"wp:attachment":[{"href":"https:\/\/cns.uw.edu.pl\/index.php\/wp-json\/wp\/v2\/media?parent=2192"}],"curies":[{"name":"wp","href":"https:\/\/api.w.org\/{rel}","templated":true}]}}