{"id":165,"date":"2024-06-27T20:02:55","date_gmt":"2024-06-27T20:02:55","guid":{"rendered":"https:\/\/holmes.cnsuw.pl\/?page_id=165"},"modified":"2025-05-16T15:37:51","modified_gmt":"2025-05-16T15:37:51","slug":"regulamin-i-kryteria-zaliczen","status":"publish","type":"page","link":"https:\/\/cns.uw.edu.pl\/index.php\/studia-podyplomowe\/regulamin-i-kryteria-zaliczen\/","title":{"rendered":"Regulamin i kryteria zalicze\u0144"},"content":{"rendered":"\t\t<div data-elementor-type=\"wp-page\" data-elementor-id=\"165\" class=\"elementor elementor-165\" data-elementor-post-type=\"page\">\n\t\t\t\t<div class=\"elementor-element elementor-element-31e91bc e-flex e-con-boxed e-con e-parent\" data-id=\"31e91bc\" data-element_type=\"container\">\n\t\t\t\t\t<div class=\"e-con-inner\">\n\t\t\t\t<div class=\"elementor-element elementor-element-5da4613 elementor-widget elementor-widget-text-editor\" data-id=\"5da4613\" data-element_type=\"widget\" data-widget_type=\"text-editor.default\">\n\t\t\t\t<div class=\"elementor-widget-container\">\n\t\t\t\t\t\t\t\t\t<h1><span style=\"color: #333333;\"><strong>Studia Podyplomowe w CNS UW &#8211; Regulamin studi\u00f3w i kryteria zalicze\u0144<\/strong><\/span><\/h1>\t\t\t\t\t\t\t\t<\/div>\n\t\t\t\t<\/div>\n\t\t\t\t\t<\/div>\n\t\t\t\t<\/div>\n\t\t<div class=\"elementor-element elementor-element-8ca5378 e-flex e-con-boxed e-con e-parent\" data-id=\"8ca5378\" data-element_type=\"container\">\n\t\t\t\t\t<div class=\"e-con-inner\">\n\t\t\t\t<div class=\"elementor-element elementor-element-119523a elementor-widget elementor-widget-text-editor\" data-id=\"119523a\" data-element_type=\"widget\" data-widget_type=\"text-editor.default\">\n\t\t\t\t<div class=\"elementor-widget-container\">\n\t\t\t\t\t\t\t\t\t<h3><span style=\"color: #333333;\"><strong>Regulamin studi\u00f3w podyplomowych na Uniwersytecie Warszawskim<\/strong><\/span><\/h3>\n<p><span style=\"color: #333333;\">Wszystkie studia podyplomowe prowadzone na Uniwersytecie Warszawskim prowadzone s\u0105 w granicach formalnych wyznaczonych Zarz\u0105dzeniem nr 116 Rektora Uniwersytetu Warszawskiego z dnia 30 wrze\u015bnia 2021 r. w sprawie Regulaminu Studi\u00f3w Podyplomowych na Uniwersytecie Warszawskim (Monitor UW z 2021 r., poz. 238). Zach\u0119camy do zapoznania si\u0119 z Regulaminem pod linkiem:&nbsp;<span style=\"color: #3366ff;\"><a style=\"color: #3366ff;\" href=\"https:\/\/monitor.uw.edu.pl\/Lists\/Uchway\/Attachments\/6003\/M.2021.238.Zarz.116.pdf\">Link do Regulaminu<\/a><\/span><\/span><\/p>\n<h3>&nbsp;<\/h3>\n<h3><span style=\"color: #333333;\"><strong>Zaliczenie<\/strong><\/span><\/h3>\n<p><span style=\"color: #333333;\"><strong>Wymogami formalnymi uko\u0144czenia Studi\u00f3w Podyplomowych<\/strong> prowadzonych w Centrum Nauk S\u0105dowych Uniwersytetu Warszawskiego s\u0105:<\/span><\/p>\n<ol>\n<li>\n<p class=\"p1\"><span style=\"color: #333333;\"><span class=\"s1\">Aktywne uczestnictwo w zaj\u0119ciach dydaktycznych. Domy\u015blnie wymagany jest udzia\u0142 w zjazdach na poziomie 70% przy czym dalsze ponadwymiarowe nieobecno\u015bci mog\u0105 by\u0107 usprawiedliwiane na pro\u015bb\u0119 s\u0142uchacza, o<\/span>raz:<\/span><\/p>\n<\/li>\n<li><span style=\"color: #333333;\"><strong>Od roku akademickiego 2024\/2025:<\/strong> egzamin ko\u0144cowy w formie pisemnego testu. Egzamin b\u0119dzie przeprowadzony dwukrotnie (po ka\u017cdym semestrze) podczas jednego z ostatnich zjazd\u00f3w w danym semestrze. Egzamin ma form\u0119 testu jednokrotnego wyboru &#8211; pytania s\u0105 sformu\u0142owane na podstawie materia\u0142u poruszanego podczas poszczeg\u00f3lnych zaj\u0119\u0107. Przewidywany jest r\u00f3wnie\u017c alternatywny termin dodatkowy i poprawkowy (w razie takiej potrzeby; w porozumieniu ze s\u0142uchaczami).<\/span><\/li>\n<li><span style=\"color: #333333;\"><strong>Tylko dla studi\u00f3w rozpocz\u0119tych przed 2024 r.<\/strong>: przygotowanie i z\u0142o\u017cenie zaakceptowanej przez promotora pracy podyplomowej na dowolny (uzgodniony z opiekunem) temat zwi\u0105zany z zagadnieniami kryminalistyki, prawa dowodowego lub pokrewnymi. <a href=\"https:\/\/cns.uw.edu.pl\/index.php\/studia-podyplomowe\/regulamin-i-kryteria-zaliczen\/prace-podyplomowe-instrukcje\/\">Dodatkowe informacje i instrukcje dot. sk\u0142adania prac podyplomowych (link).<\/a><\/span><\/li>\n<\/ol>\n<p><span style=\"color: #333333;\">\u2013 spe\u0142nienie wskazanych wymog\u00f3w uprawnia do rozliczenia studi\u00f3w i <b>wydania Pa\u0144stwu \u015bwiadectwa uko\u0144czenia studi\u00f3w podyplomowych w Centrum Nauk S\u0105dowych Uniwersytetu Warszawskiego.<\/b><\/span><\/p>\n<p><span style=\"color: #333333; font-size: 16px;\">W celu otrzymania \u015bwiadectwa uko\u0144czenia studi\u00f3w podyplomowych nale\u017cy z\u0142o\u017cy\u0107 wype\u0142nion\u0105 kart\u0119 obiegow\u0105. Do sekretariatu studi\u00f3w podyplomowych nale\u017cy z\u0142o\u017cyc kart\u0119 uzupe\u0142nion\u0105 wcze\u015bniej w Bibliotece Uniwersyteckiej (w tej sprawie nale\u017cy kontaktowa\u0107 si\u0119 bezpo\u015brednio z BUW). Wz\u00f3r karty obiegowej znajduje si\u0119 do pobrania tutaj:<\/span><\/p>\n<ul>\n<li><strong><a href=\"https:\/\/cns.uw.edu.pl\/wp-content\/uploads\/2024\/08\/karta-obiegowa-podyplomowe.pdf\">Wz\u00f3r karty obiegowej<\/a><\/strong><\/li>\n<\/ul>\n<p><span style=\"color: #333333;\">Za wydanie dyplomu nie s\u0105 pobierane \u017cadne dodatkowe op\u0142aty.<\/span><\/p>\n<h3><span style=\"color: #333333;\"><strong>Przed\u0142u\u017cenie studi\u00f3w<\/strong><\/span><\/h3>\n<p><span style=\"color: #333333;\">Studia podyplomowe trwaj\u0105 dwa semestry (pe\u0142en rok akademicki \u2013 od 1 pa\u017adziernika do 30 wrze\u015bnia danego roku). Natomiast w razie niezaliczenia studi\u00f3w w terminie do 30 wrze\u015bnia \u2013 nast\u0105pi skre\u015blenie Pa\u0144stwa z listy s\u0142uchaczy (skre\u015blenie w takiej sytuacji jest obligatoryjne w \u015bwietle&nbsp; par. 29 ust. 1 pkt 5 Regulaminu studi\u00f3w podyplomowych na UW \u2013 dalej: Regulamin).&nbsp;<\/span><\/p>\n<p><span style=\"color: #333333;\">Jednocze\u015bnie informujemy, \u017ce istnieje mo\u017cliwo\u015b\u0107 przed\u0142u\u017cenia okresu studi\u00f3w podyplomowych na czas oznaczony \u2013 <span style=\"text-decoration: underline;\">wy\u0142\u0105cznie na Pa\u0144stwa wniosek z\u0142o\u017cony przed skre\u015bleniem z listy s\u0142uchaczy<\/span>. Wniosek o wyd\u0142u\u017cenie okresu studi\u00f3w podyplomowych nale\u017cy zaadresowa\u0107 do Kierownika studi\u00f3w podyplomowych. Podstaw\u0119 takiego wniosku stanowi par. 30 ust. 6 Regulaminu. W podaniu nale\u017cy dok\u0142adnie okre\u015bli\u0107 czas przed\u0142u\u017cenia w miesi\u0105cach.<\/span><\/p>\n<p><span style=\"color: #333333;\">Przed\u0142u\u017cenie okresu studi\u00f3w podyplomowych jest odp\u0142atne (par. 30 ust. 6 Regulaminu) \u2013 proporcjonalnie do okresu przed\u0142u\u017cenia w stosunku miesi\u0119cznym, gdzie bazow\u0105 kwot\u0119 stanowi wysoko\u015b\u0107 jednorazowej op\u0142aty rocznej za studia (a zatem 1\/12 czesnego). Istnieje przy tym mo\u017cliwo\u015b\u0107 obni\u017cenia op\u0142aty do innej, ni\u017cszej kwoty (na podstawie analogicznego stosowania par. 22 ust. 4 Regulaminu) \u2013 wy\u0142\u0105cznie na wniosek s\u0142uchaczki\/s\u0142uchacza. Wniosek o obni\u017cenie op\u0142aty nale\u017cy z\u0142o\u017cy\u0107 r\u00f3wnocze\u015bnie z podaniem o wyd\u0142u\u017cenie okresu studi\u00f3w, przy czym wniosek o obni\u017cenie op\u0142aty powinien by\u0107 osobny i zaadresowany do Dyrektora Centrum Nauk S\u0105dowych. Wnioski o obni\u017cenie op\u0142at o ponad 50% s\u0105 akceptowane jedynie w szczeg\u00f3lnie uzasadnionych przypadkach.<\/span><\/p>\n<ul>\n<li><strong><a href=\"https:\/\/cns.uw.edu.pl\/wp-content\/uploads\/2024\/08\/Podanie-o-przedluzenie-studiow.docx\">Wz\u00f3r podania<\/a><\/strong><\/li>\n<\/ul>\n<p><span style=\"color: #333333;\">Wnioski o przed\u0142u\u017cenie mog\u0105 by\u0107 rozpatrywane pozytywnie tylko w razie uregulowania wcze\u015bniejszych nale\u017cno\u015bci wobec Uniwersytetu Warszawskiego.<\/span><\/p>\n<p><span style=\"color: #333333;\">Wszystkie wnioski w sprawie przed\u0142u\u017cenia okresu studi\u00f3w i obni\u017cenia op\u0142aty z tego tytu\u0142u powinny by\u0107 z\u0142o\u017cone&nbsp;w wersji papierowej&nbsp;(podpisane) w sekretariacie studi\u00f3w podyplomowych w CNS (osobi\u015bcie lub poczt\u0105).<\/span><\/p>\t\t\t\t\t\t\t\t<\/div>\n\t\t\t\t<\/div>\n\t\t\t\t\t<\/div>\n\t\t\t\t<\/div>\n\t\t\t\t<\/div>\n\t\t","protected":false},"excerpt":{"rendered":"<p>Studia Podyplomowe w CNS UW &#8211; Regulamin studi\u00f3w i kryteria zalicze\u0144 Regulamin studi\u00f3w podyplomowych na Uniwersytecie Warszawskim Wszystkie studia podyplomowe [&hellip;]<\/p>\n","protected":false},"author":1,"featured_media":0,"parent":15,"menu_order":0,"comment_status":"closed","ping_status":"closed","template":"","meta":{"site-sidebar-layout":"no-sidebar","site-content-layout":"","ast-site-content-layout":"full-width-container","site-content-style":"default","site-sidebar-style":"default","ast-global-header-display":"","ast-banner-title-visibility":"","ast-main-header-display":"","ast-hfb-above-header-display":"","ast-hfb-below-header-display":"","ast-hfb-mobile-header-display":"","site-post-title":"disabled","ast-breadcrumbs-content":"","ast-featured-img":"disabled","footer-sml-layout":"","theme-transparent-header-meta":"","adv-header-id-meta":"","stick-header-meta":"","header-above-stick-meta":"","header-main-stick-meta":"","header-below-stick-meta":"","astra-migrate-meta-layouts":"default","ast-page-background-enabled":"default","ast-page-background-meta":{"desktop":{"background-color":"var(--ast-global-color-4)","background-image":"","background-repeat":"repeat","background-position":"center center","background-size":"auto","background-attachment":"scroll","background-type":"","background-media":"","overlay-type":"","overlay-color":"","overlay-opacity":"","overlay-gradient":""},"tablet":{"background-color":"","background-image":"","background-repeat":"repeat","background-position":"center center","background-size":"auto","background-attachment":"scroll","background-type":"","background-media":"","overlay-type":"","overlay-color":"","overlay-opacity":"","overlay-gradient":""},"mobile":{"background-color":"","background-image":"","background-repeat":"repeat","background-position":"center center","background-size":"auto","background-attachment":"scroll","background-type":"","background-media":"","overlay-type":"","overlay-color":"","overlay-opacity":"","overlay-gradient":""}},"ast-content-background-meta":{"desktop":{"background-color":"var(--ast-global-color-5)","background-image":"","background-repeat":"repeat","background-position":"center center","background-size":"auto","background-attachment":"scroll","background-type":"","background-media":"","overlay-type":"","overlay-color":"","overlay-opacity":"","overlay-gradient":""},"tablet":{"background-color":"var(--ast-global-color-5)","background-image":"","background-repeat":"repeat","background-position":"center center","background-size":"auto","background-attachment":"scroll","background-type":"","background-media":"","overlay-type":"","overlay-color":"","overlay-opacity":"","overlay-gradient":""},"mobile":{"background-color":"var(--ast-global-color-5)","background-image":"","background-repeat":"repeat","background-position":"center center","background-size":"auto","background-attachment":"scroll","background-type":"","background-media":"","overlay-type":"","overlay-color":"","overlay-opacity":"","overlay-gradient":""}},"footnotes":""},"class_list":["post-165","page","type-page","status-publish","hentry"],"_links":{"self":[{"href":"https:\/\/cns.uw.edu.pl\/index.php\/wp-json\/wp\/v2\/pages\/165","targetHints":{"allow":["GET"]}}],"collection":[{"href":"https:\/\/cns.uw.edu.pl\/index.php\/wp-json\/wp\/v2\/pages"}],"about":[{"href":"https:\/\/cns.uw.edu.pl\/index.php\/wp-json\/wp\/v2\/types\/page"}],"author":[{"embeddable":true,"href":"https:\/\/cns.uw.edu.pl\/index.php\/wp-json\/wp\/v2\/users\/1"}],"replies":[{"embeddable":true,"href":"https:\/\/cns.uw.edu.pl\/index.php\/wp-json\/wp\/v2\/comments?post=165"}],"version-history":[{"count":34,"href":"https:\/\/cns.uw.edu.pl\/index.php\/wp-json\/wp\/v2\/pages\/165\/revisions"}],"predecessor-version":[{"id":2629,"href":"https:\/\/cns.uw.edu.pl\/index.php\/wp-json\/wp\/v2\/pages\/165\/revisions\/2629"}],"up":[{"embeddable":true,"href":"https:\/\/cns.uw.edu.pl\/index.php\/wp-json\/wp\/v2\/pages\/15"}],"wp:attachment":[{"href":"https:\/\/cns.uw.edu.pl\/index.php\/wp-json\/wp\/v2\/media?parent=165"}],"curies":[{"name":"wp","href":"https:\/\/api.w.org\/{rel}","templated":true}]}}