{"id":1322,"date":"2024-07-30T06:41:14","date_gmt":"2024-07-30T06:41:14","guid":{"rendered":"https:\/\/cns.uw.edu.pl\/?page_id=1322"},"modified":"2024-08-01T10:42:14","modified_gmt":"2024-08-01T10:42:14","slug":"dokumenty-i-zarzadzenia","status":"publish","type":"page","link":"https:\/\/cns.uw.edu.pl\/index.php\/home\/dokumenty-i-zarzadzenia\/","title":{"rendered":"Uchwa\u0142y i zarz\u0105dzenia"},"content":{"rendered":"\t\t<div data-elementor-type=\"wp-page\" data-elementor-id=\"1322\" class=\"elementor elementor-1322\" data-elementor-post-type=\"page\">\n\t\t\t\t<div class=\"elementor-element elementor-element-cfc0882 e-flex e-con-boxed e-con e-parent\" data-id=\"cfc0882\" data-element_type=\"container\">\n\t\t\t\t\t<div class=\"e-con-inner\">\n\t\t\t\t<div class=\"elementor-element elementor-element-5bd25b2 elementor-widget elementor-widget-spacer\" data-id=\"5bd25b2\" data-element_type=\"widget\" data-widget_type=\"spacer.default\">\n\t\t\t\t<div class=\"elementor-widget-container\">\n\t\t\t\t\t\t\t<div class=\"elementor-spacer\">\n\t\t\t<div class=\"elementor-spacer-inner\"><\/div>\n\t\t<\/div>\n\t\t\t\t\t\t<\/div>\n\t\t\t\t<\/div>\n\t\t\t\t<div class=\"elementor-element elementor-element-a6c394c elementor-widget elementor-widget-text-editor\" data-id=\"a6c394c\" data-element_type=\"widget\" data-widget_type=\"text-editor.default\">\n\t\t\t\t<div class=\"elementor-widget-container\">\n\t\t\t\t\t\t\t\t\t<h2><strong><span style=\"color: #333333;\">Regulaminy i akty wewn\u0119trzne w CNS UW<\/span><\/strong><\/h2>\t\t\t\t\t\t\t\t<\/div>\n\t\t\t\t<\/div>\n\t\t\t\t\t<\/div>\n\t\t\t\t<\/div>\n\t\t<div class=\"elementor-element elementor-element-3d6973c e-flex e-con-boxed e-con e-parent\" data-id=\"3d6973c\" data-element_type=\"container\">\n\t\t\t\t\t<div class=\"e-con-inner\">\n\t\t\t\t<div class=\"elementor-element elementor-element-138c995 elementor-widget elementor-widget-text-editor\" data-id=\"138c995\" data-element_type=\"widget\" data-widget_type=\"text-editor.default\">\n\t\t\t\t<div class=\"elementor-widget-container\">\n\t\t\t\t\t\t\t\t\t<p><span style=\"color: #333333;\">Zapraszamy do zapoznania si\u0119 z aktami prawnymi statuuj\u0105cymi dzia\u0142alno\u015b\u0107 Centrum Nauk S\u0105dowych Uniwersytetu Warszawskiego. CNS<\/span><span style=\"color: #333333; font-size: 16px;\">\u00a0jest og\u00f3lnouniwersyteck\u0105 jednostk\u0105 organizacyjn\u0105 Uniwersytetu Warszawskiego. Najwa\u017cniejsze dla funkcjonowania CNS UW dokumenty obejmuj\u0105 wewn\u0119trzne regulacje obowi\u0105zuj\u0105ce na ca\u0142ym Uniwersytecie Warszawskim, w szczeg\u00f3lno\u015bci:<\/span><\/p><ul><li style=\"list-style-type: none;\"><ul><li><p><a class=\"external\" href=\"https:\/\/monitor.uw.edu.pl\/Lists\/Uchway\/Attachments\/4934\/M.2019.190.U.443.pdf\" target=\"_blank\" rel=\"noopener\">Uchwa\u0142a nr 443 Senatu UW z 26 czerwca 2019 r. w sprawie uchwalenia Statutu Uniwersytetu Warszawskiego<\/a><\/p><\/li><\/ul><\/li><\/ul><p><span style=\"color: #333333;\">A tak\u017ce Regulamin Centrum Nauk S\u0105dowych UW okre\u015blaj\u0105cy og\u00f3lne zasady jego funkcjonowania, tj.:<\/span><\/p><ul><li style=\"list-style-type: none;\"><ul><li><p><a href=\"https:\/\/monitor.uw.edu.pl\/Lists\/Uchway\/Attachments\/5570\/M.2020.367.Zarz.190.pdf\">Zarz\u0105dzenie nr 190 Rektora UW z 25 sierpnia 2020 r. w sprawie Regulaminu Centrum Nauk S\u0105dowych UW<\/a><\/p><\/li><\/ul><\/li><\/ul><p><span style=\"color: #333333;\">W zakresie prowadzonych studi\u00f3w magisterskich i podyplomowych, kluczowe dokumenty og\u00f3lnouniwersyteckie obejmuj\u0105 w szczeg\u00f3lno\u015bci:<\/span><\/p><ul><li style=\"list-style-type: none;\"><ul><li><p><a href=\"https:\/\/monitor.uw.edu.pl\/Lists\/Uchway\/Attachments\/4930\/M.2019.186.U.441.pdf\">Uchwa\u0142a nr 441 Senatu UW z 19 czerwca 2019 r. w sprawie Regulaminu Studi\u00f3w na Uniwersytecie Warszawskim<\/a><\/p><\/li><li><p><a href=\"https:\/\/monitor.uw.edu.pl\/Lists\/Uchway\/Attachments\/5570\/M.2020.367.Zarz.190.pdf\">Zarz\u0105dzenie nr 116 Rektora UW z 30 wrze\u015bnia 2021 r. w sprawie Regulaminu Studi\u00f3w Podyplomowych<\/a><\/p><\/li><\/ul><\/li><\/ul><p><span style=\"color: #333333;\">W toku bie\u017c\u0105cego funkcjonowania Centrum Nauk S\u0105dowych moga by\u0107 przyjmowane wewn\u0119trzne uchwa\u0142y i zarz\u0105dzenia, kt\u00f3re podlegaj\u0105 publikacji w<\/span> <a href=\"https:\/\/dokumenty.uw.edu.pl\/dziennik\/DCNS\/SitePages\/Strona%20g%C5%82%C3%B3wna.aspx\">Dzienniku CNS UW<\/a><\/p>\t\t\t\t\t\t\t\t<\/div>\n\t\t\t\t<\/div>\n\t\t\t\t\t<\/div>\n\t\t\t\t<\/div>\n\t\t<div class=\"elementor-element elementor-element-12cf3dd e-flex e-con-boxed e-con e-parent\" data-id=\"12cf3dd\" data-element_type=\"container\">\n\t\t\t\t\t<div class=\"e-con-inner\">\n\t\t\t\t<div class=\"elementor-element elementor-element-a0a1023 elementor-widget-divider--view-line elementor-widget elementor-widget-divider\" data-id=\"a0a1023\" data-element_type=\"widget\" data-widget_type=\"divider.default\">\n\t\t\t\t<div class=\"elementor-widget-container\">\n\t\t\t\t\t\t\t<div class=\"elementor-divider\">\n\t\t\t<span class=\"elementor-divider-separator\">\n\t\t\t\t\t\t<\/span>\n\t\t<\/div>\n\t\t\t\t\t\t<\/div>\n\t\t\t\t<\/div>\n\t\t\t\t\t<\/div>\n\t\t\t\t<\/div>\n\t\t<div class=\"elementor-element elementor-element-99963cd e-flex e-con-boxed e-con e-parent\" data-id=\"99963cd\" data-element_type=\"container\">\n\t\t\t\t\t<div class=\"e-con-inner\">\n\t\t\t\t<div class=\"elementor-element elementor-element-8f14158 elementor-widget elementor-widget-image\" data-id=\"8f14158\" data-element_type=\"widget\" data-widget_type=\"image.default\">\n\t\t\t\t<div class=\"elementor-widget-container\">\n\t\t\t\t\t\t\t\t\t\t\t\t\t\t\t<img fetchpriority=\"high\" decoding=\"async\" width=\"1536\" height=\"533\" src=\"https:\/\/cns.uw.edu.pl\/wp-content\/uploads\/2024\/06\/Bez-nazwy-44-1536x533.jpg\" class=\"attachment-1536x1536 size-1536x1536 wp-image-591\" alt=\"\" srcset=\"https:\/\/cns.uw.edu.pl\/wp-content\/uploads\/2024\/06\/Bez-nazwy-44-1536x533.jpg 1536w, https:\/\/cns.uw.edu.pl\/wp-content\/uploads\/2024\/06\/Bez-nazwy-44-300x104.jpg 300w, https:\/\/cns.uw.edu.pl\/wp-content\/uploads\/2024\/06\/Bez-nazwy-44-1024x355.jpg 1024w, https:\/\/cns.uw.edu.pl\/wp-content\/uploads\/2024\/06\/Bez-nazwy-44-768x267.jpg 768w, https:\/\/cns.uw.edu.pl\/wp-content\/uploads\/2024\/06\/Bez-nazwy-44-2048x711.jpg 2048w\" sizes=\"(max-width: 1536px) 100vw, 1536px\" \/>\t\t\t\t\t\t\t\t\t\t\t\t\t\t\t<\/div>\n\t\t\t\t<\/div>\n\t\t\t\t\t<\/div>\n\t\t\t\t<\/div>\n\t\t\t\t<\/div>\n\t\t","protected":false},"excerpt":{"rendered":"<p>Regulaminy i akty wewn\u0119trzne w CNS UW Zapraszamy do zapoznania si\u0119 z aktami prawnymi statuuj\u0105cymi dzia\u0142alno\u015b\u0107 Centrum Nauk S\u0105dowych Uniwersytetu [&hellip;]<\/p>\n","protected":false},"author":1,"featured_media":0,"parent":10,"menu_order":0,"comment_status":"closed","ping_status":"closed","template":"","meta":{"site-sidebar-layout":"no-sidebar","site-content-layout":"","ast-site-content-layout":"full-width-container","site-content-style":"default","site-sidebar-style":"default","ast-global-header-display":"","ast-banner-title-visibility":"","ast-main-header-display":"","ast-hfb-above-header-display":"","ast-hfb-below-header-display":"","ast-hfb-mobile-header-display":"","site-post-title":"disabled","ast-breadcrumbs-content":"","ast-featured-img":"disabled","footer-sml-layout":"","theme-transparent-header-meta":"default","adv-header-id-meta":"","stick-header-meta":"","header-above-stick-meta":"","header-main-stick-meta":"","header-below-stick-meta":"","astra-migrate-meta-layouts":"set","ast-page-background-enabled":"default","ast-page-background-meta":{"desktop":{"background-color":"var(--ast-global-color-4)","background-image":"","background-repeat":"repeat","background-position":"center center","background-size":"auto","background-attachment":"scroll","background-type":"","background-media":"","overlay-type":"","overlay-color":"","overlay-opacity":"","overlay-gradient":""},"tablet":{"background-color":"","background-image":"","background-repeat":"repeat","background-position":"center center","background-size":"auto","background-attachment":"scroll","background-type":"","background-media":"","overlay-type":"","overlay-color":"","overlay-opacity":"","overlay-gradient":""},"mobile":{"background-color":"","background-image":"","background-repeat":"repeat","background-position":"center center","background-size":"auto","background-attachment":"scroll","background-type":"","background-media":"","overlay-type":"","overlay-color":"","overlay-opacity":"","overlay-gradient":""}},"ast-content-background-meta":{"desktop":{"background-color":"var(--ast-global-color-5)","background-image":"","background-repeat":"repeat","background-position":"center center","background-size":"auto","background-attachment":"scroll","background-type":"","background-media":"","overlay-type":"","overlay-color":"","overlay-opacity":"","overlay-gradient":""},"tablet":{"background-color":"var(--ast-global-color-5)","background-image":"","background-repeat":"repeat","background-position":"center center","background-size":"auto","background-attachment":"scroll","background-type":"","background-media":"","overlay-type":"","overlay-color":"","overlay-opacity":"","overlay-gradient":""},"mobile":{"background-color":"var(--ast-global-color-5)","background-image":"","background-repeat":"repeat","background-position":"center center","background-size":"auto","background-attachment":"scroll","background-type":"","background-media":"","overlay-type":"","overlay-color":"","overlay-opacity":"","overlay-gradient":""}},"footnotes":""},"class_list":["post-1322","page","type-page","status-publish","hentry"],"_links":{"self":[{"href":"https:\/\/cns.uw.edu.pl\/index.php\/wp-json\/wp\/v2\/pages\/1322","targetHints":{"allow":["GET"]}}],"collection":[{"href":"https:\/\/cns.uw.edu.pl\/index.php\/wp-json\/wp\/v2\/pages"}],"about":[{"href":"https:\/\/cns.uw.edu.pl\/index.php\/wp-json\/wp\/v2\/types\/page"}],"author":[{"embeddable":true,"href":"https:\/\/cns.uw.edu.pl\/index.php\/wp-json\/wp\/v2\/users\/1"}],"replies":[{"embeddable":true,"href":"https:\/\/cns.uw.edu.pl\/index.php\/wp-json\/wp\/v2\/comments?post=1322"}],"version-history":[{"count":26,"href":"https:\/\/cns.uw.edu.pl\/index.php\/wp-json\/wp\/v2\/pages\/1322\/revisions"}],"predecessor-version":[{"id":2254,"href":"https:\/\/cns.uw.edu.pl\/index.php\/wp-json\/wp\/v2\/pages\/1322\/revisions\/2254"}],"up":[{"embeddable":true,"href":"https:\/\/cns.uw.edu.pl\/index.php\/wp-json\/wp\/v2\/pages\/10"}],"wp:attachment":[{"href":"https:\/\/cns.uw.edu.pl\/index.php\/wp-json\/wp\/v2\/media?parent=1322"}],"curies":[{"name":"wp","href":"https:\/\/api.w.org\/{rel}","templated":true}]}}